{"id":1818,"date":"2022-02-24T14:11:37","date_gmt":"2022-02-24T14:11:37","guid":{"rendered":"https:\/\/remacproject.eu\/about\/"},"modified":"2023-11-01T08:55:14","modified_gmt":"2023-11-01T08:55:14","slug":"about","status":"publish","type":"page","link":"https:\/\/remacproject.eu\/it\/about\/","title":{"rendered":"Chi siamo"},"content":{"rendered":"<h2>Panoramica<\/h2>\n<div>\n<p>RE. MA.C. riunisce studenti madrelingua, studenti migranti e insegnanti tradizionali (di lingua) per impegnarsi in modo collaborativo in lezioni interculturali, con forme di apprendimento linguistico e di insegnamento comuni grazie all\u2019utilizzo di tecnologie nuove ed emergenti e strumenti digitali. Lo scopo \u00e8 quello di creare materiale didattico e di apprendimento sulla base di argomenti tematici trovati nei libri di testo dei paesi corrispondenti per formare una classe tradizionale che fornir\u00e0 opportunit\u00e0 di apprendimento eque a tutti gli studenti, e allo stesso tempo creare una classe e, infine, una scuola, dove studenti e insegnanti sono in grado di capire, rispettare e accettare tutti, indipendentemente da qualsiasi forma di diversit\u00e0.<\/p>\n<\/div>\n<p><img decoding=\"async\" src=\"\/wp-content\/uploads\/2023\/02\/REMAC-About.svg\" alt=\"REMAC-About\"><\/p>\n<h2>Scopo<\/h2>\n<div>\n<p>Durante questo progetto, l&#8217;obiettivo \u00e8 quello di affrontare le sfide e le difficolt\u00e0 (linguistiche) identificate dagli insegnanti nel percorso di soddisfacimento delle esigenze diversificate dei loro studenti.<\/p>\n<\/div>\n<p><img decoding=\"async\" src=\"\/wp-content\/uploads\/2023\/02\/REMAC-aims.svg\" alt=\"REMAC-aims\"><\/p>\n<h2>Obiettivi<\/h2>\n<div>\n<ol>\n<li>Sviluppare e implementare materiale interattivo online basato sulle esigenze di insegnamento e apprendimento sia degli insegnanti di lingue tradizionali che degli studenti migranti utilizzando la piattaforma e l&#8217;app MILAGE learn +.\n<\/li>\n<li>Formare insegnanti di lingue tradizionali nell&#8217;insegnamento di SL nelle classi tradizionali utilizzando la piattaforma online dinamica del progetto e il materiale didattico generale.\n<\/li>\n<li>Sviluppare e implementare materiale interculturale e, infine, implementare strumenti interculturali in tutto il curriculum utilizzando la piattaforma e l&#8217;app del progetto e il materiale educativo generale.\n<\/li>\n<li>Formazione degli insegnanti primari tradizionali utilizzando la piattaforma online dinamica del progetto e il materiale didattico generale nelle classi primarie tradizionali.<\/li>\n<\/ol>\n<\/div>\n<p><img decoding=\"async\" src=\"\/wp-content\/uploads\/2023\/02\/REMAC-Objectives.svg\" alt=\"REMAC-Objectives\"><\/p>\n<h2>Partner<\/h2>\n<ul>\n<li>\n<p>        <img decoding=\"async\" src=\"\/wp-content\/uploads\/2023\/06\/frederick-university.png\" alt=\"frederick-university\"><\/p>\n<h3>FREDERICK UNIVERSITY, Cipro<\/h3>\n<div>\n<p>Universit\u00e0 (FredU) \u00e8 una delle cinque universit\u00e0 private riconosciute che operano nella Repubblica di Cipro. \u00c8 un&#8217;universit\u00e0 energica e vivace, che gode di rispetto e riconoscimento sia a livello nazionale che internazionale. FredU offre una vasta gamma di programmi accademici di studio in diverse aree come scienza, ingegneria, affari, arte, architettura, media, scienze umane, salute e istruzione e ha una forte attenzione alla ricerca accademica, essendo una delle principali organizzazioni di ricerca nel paese.<\/p>\n<\/div>\n<p><a href=\"https:\/\/www.frederick.ac.cy\/en\">Sito web<\/a><\/p>\n<\/li>\n<li>\n<p>        <img decoding=\"async\" src=\"\/wp-content\/uploads\/2023\/02\/CARDET_logo_highRes-01.png\" alt=\"CARDET\"><\/p>\n<h3>CARDET, Cipro<\/h3>\n<div>\n<p>CARDET (Centre for Advancement of Research and Development in Educational Technology) \u00e8 un&#8217;organizzazione indipendente, senza scopo di lucro, non governativa, di ricerca e sviluppo con sede a Cipro. \u00c8 uno dei principali centri di ricerca e sviluppo nella regione euro-mediterranea, con competenze globali nella progettazione e implementazione di progetti, sviluppo di capacit\u00e0 ed e-learning. CARDET \u00e8 affiliato in modo indipendente con universit\u00e0 e istituzioni di tutto il mondo, come l&#8217;Universit\u00e0 di Yale, l&#8217;Universit\u00e0 di Nicosia e il Consiglio internazionale dei media educativi. CARDET ha completato numerosi progetti relativi allo sviluppo di capacit\u00e0 e pianificazione nell&#8217;istruzione e nell&#8217;IFP, nel sostegno ai giovani, nell&#8217;apprendimento degli adulti, nell&#8217;alfabetizzazione, negli strumenti digitali, nell&#8217;e-learning, nella tecnologia educativa e nell&#8217;integrazione sociale dei gruppi emarginati.<\/p>\n<\/div>\n<p><a href=\"https:\/\/cardet.org\/\">Sito web<\/a><\/p>\n<\/li>\n<li>\n<p>        <img decoding=\"async\" src=\"\/wp-content\/uploads\/2023\/06\/Democritus_University_of_Thrace_New_Logo.png\" alt=\"Democritus University of Thrace\"><\/p>\n<h3>DIMOKRITIO PANEPISTIMIO THRAKIS, Grecia<\/h3>\n<div>\n<p>L&#8217;Universit\u00e0 Democrito di Tracia (DUTh) \u00e8 stata fondata nel 1973 in Tracia, in Grecia. Grazie alla sua posizione strategica, vicino ai membri dell&#8217;UE di Bulgaria e Romania, ai paesi candidati della Macedonia del Nord, al Montenegro, alla Serbia e alla Turchia, e a un importante crocevia tra UE, Asia e Russia, il DUTh svolge un ruolo decisivo nella promozione dell&#8217;istruzione, della ricerca e dello sviluppo nell&#8217;Europa sudorientale allargata attraverso un gran numero di reti regionali che ha istituito. Inoltre, DUTh collabora con diverse universit\u00e0 e organizzazioni di ricerca al di fuori dell&#8217;Europa, in tutto il mondo.<\/p>\n<\/div>\n<p><a href=\"https:\/\/duth.gr\/\">Sito web<\/a><\/p>\n<\/li>\n<li>\n<p>        <img decoding=\"async\" src=\"\/wp-content\/uploads\/2023\/06\/1200px-Uoalogo.png\" alt=\"UNIVERSIDADE DO ALGARVE, Portugal\"><\/p>\n<h3>UNIVERSIDADE DO ALGARVE, Portogallo<\/h3>\n<div>\n<p>L&#8217;Universit\u00e0 dell&#8217;Algarve (UAlg) \u00e8 un istituto pubblico di istruzione superiore, fondato nel 1979, dove coabitano i sistemi di istruzione politecnica e di istruzione universitaria. Si trova nella regione meridionale del Portogallo, in particolare in Algarve. Con circa 9000 studenti iscritti nell&#8217;anno scolastico 2021\/22, circa il 22% degli studenti iscritti sono internazionali, provenienti da circa 80 paesi diversi e circa 1300 dipendenti (docenti, dipendenti e ricercatori). L&#8217;offerta formativa UAlg comprende i corsi del 1 \u00b0 ciclo (44) insegnati in portoghese, i corsi del 2 \u00b0 ciclo (63) insegnati anche in inglese, di cui 5 sono corsi di master internazionali congiunti Erasmus Mundus e programmi di dottorato (19), 3 \u00b0 ciclo in diverse aree scientifiche &#8211; scienza e tecnologia, gestione ed economia, scienze marine e della terra, scienze sociali e, salute e benessere.<\/p>\n<\/div>\n<p><a href=\"https:\/\/www.ualg.pt\/\">Sito web<\/a><\/p>\n<\/li>\n<li>\n<p>        <img decoding=\"async\" src=\"\/wp-content\/uploads\/2023\/06\/cesie-logo-home.webp\" alt=\"CESIE\"><\/p>\n<h3>CESIE, Italia<\/h3>\n<div>\n<p>Il CESIE \u00e8 un&#8217;organizzazione non governativa senza scopo di lucro con sede a Palermo (Italia) e fondata nel 2001. Il CESIE si impegna a promuovere lo sviluppo culturale, sociale, educativo ed economico a livello locale, nazionale, europeo e internazionale. Il CESIE contribuisce alla crescita e allo sviluppo attraverso la partecipazione attiva delle persone, della societ\u00e0 civile e delle istituzioni, valorizzando sempre le diversit\u00e0. Ispirati dal lavoro e dalla vita di Danilo Dolci, concentriamo le nostre azioni sulla ricerca dei bisogni e delle sfide sociali e sull&#8217;uso di approcci di apprendimento innovativi.<\/p>\n<\/div>\n<p><a href=\"https:\/\/cesie.org\/\">Sito web<\/a><\/p>\n<\/li>\n<li>\n<p>        <img decoding=\"async\" src=\"\/wp-content\/uploads\/2023\/06\/logo_sos.gif\" alt=\"Solidarity Overseas Service (SOS MALTA)\"><\/p>\n<h3>Solidarity Overseas Service (SOS MALTA)<\/h3>\n<div>\n<p>SOS Malta \u00e8 un&#8217;organizzazione di volontariato registrata, fondata nel 1991, che lavora con partner locali e internazionali. L&#8217;organizzazione assiste i gruppi socialmente svantaggiati nel migliorare la loro qualit\u00e0 di vita fornendo servizi di supporto e opportunit\u00e0 per attuare lo sviluppo e il cambiamento. SOS Malta incoraggia anche la difesa a favore delle cause sociali e promuove modelli di buona cura e pratica. SOS Malta lavora su cinque pilastri che racchiudono gli obiettivi di cui sopra. Questi sono: Solidariet\u00e0 sociale; Volontariato; Sviluppo all&#8217;estero; Operatore di ricerca e formazione e gestione dei fondi del EEA e Norvegia Sovvenzioni specificamente assegnate alle ONG.<\/p>\n<\/div>\n<p><a href=\"https:\/\/www.sosmalta.org\/\">Sito web<\/a><\/p>\n<\/li>\n<\/ul>\n<p><!--more--><br \/>\n<!-- {\"type\":\"layout\",\"children\":[{\"type\":\"section\",\"props\":{\"image_position\":\"center-center\",\"padding\":\"small\",\"padding_remove_top\":false,\"style\":\"default\",\"title_breakpoint\":\"xl\",\"title_position\":\"top-left\",\"title_rotation\":\"left\",\"vertical_align\":\"middle\",\"width\":\"default\"},\"children\":[{\"type\":\"row\",\"children\":[{\"type\":\"column\",\"props\":{\"image_position\":\"center-center\",\"media_overlay_gradient\":\"\",\"position_sticky_breakpoint\":\"m\"},\"children\":[{\"type\":\"headline\",\"props\":{\"text_align\":\"left\",\"title_color\":\"primary\",\"title_element\":\"h1\",\"title_style\":\"h1\"},\"name\":\"headline-pages\",\"source\":{\"query\":{\"name\":\"pages.singlePage\"},\"props\":{\"content\":{\"filters\":{\"search\":\"\"},\"name\":\"title\"}}}}]}]}]},{\"type\":\"section\",\"props\":{\"animation\":\"fade\",\"animation_delay\":\"300\",\"class\":\"greenbg-light\",\"image_position\":\"center-center\",\"sticky\":\"cover\",\"style\":\"primary\",\"title_breakpoint\":\"xl\",\"title_position\":\"top-left\",\"title_rotation\":\"left\",\"vertical_align\":\"middle\",\"width\":\"default\"},\"children\":[{\"type\":\"row\",\"children\":[{\"type\":\"column\",\"props\":{\"image_position\":\"center-center\",\"media_overlay_gradient\":\"\",\"position_sticky_breakpoint\":\"m\",\"width_medium\":\"1-2\"},\"children\":[{\"type\":\"headline\",\"props\":{\"content\":\"Panoramica\",\"title_color\":\"success\",\"title_element\":\"h2\"}},{\"type\":\"text\",\"props\":{\"column_breakpoint\":\"m\",\"content\":\"\n\n<p>RE. MA.C. riunisce studenti madrelingua, studenti migranti e insegnanti tradizionali (di lingua) per impegnarsi in modo collaborativo in lezioni interculturali, con forme di apprendimento linguistico e di insegnamento comuni grazie all\\u2019utilizzo di tecnologie nuove ed emergenti e strumenti digitali. Lo scopo \\u00e8 quello di creare materiale didattico e di apprendimento sulla base di argomenti tematici trovati nei libri di testo dei paesi corrispondenti per formare una classe tradizionale che fornir\\u00e0 opportunit\\u00e0 di apprendimento eque a tutti gli studenti, e allo stesso tempo creare una classe e, infine, una scuola, dove studenti e insegnanti sono in grado di capire, rispettare e accettare tutti, indipendentemente da qualsiasi forma di diversit\\u00e0.<\\\/p>\",\"margin\":\"default\",\"text_color\":\"secondary\"}}]},{\"type\":\"column\",\"props\":{\"image_position\":\"center-center\",\"media_overlay_gradient\":\"\",\"position_sticky_breakpoint\":\"m\",\"width_medium\":\"1-2\"},\"children\":[{\"type\":\"image\",\"props\":{\"block_align\":\"center\",\"image\":\"wp-content\\\/uploads\\\/2023\\\/02\\\/REMAC-About.svg\",\"image_alt\":\"REMAC-About\",\"image_svg_color\":\"emphasis\",\"margin\":\"default\",\"maxwidth\":\"medium\",\"text_align_breakpoint\":\"m\",\"text_align_fallback\":\"center\"}}]}],\"props\":{\"layout\":\"1-2,1-2\"}}],\"name\":\"Overview\"},{\"type\":\"section\",\"props\":{\"animation\":\"fade\",\"animation_delay\":\"300\",\"class\":\"th--bluedark-bg bluebg-dark\",\"image_position\":\"center-center\",\"sticky\":\"cover\",\"style\":\"default\",\"title_breakpoint\":\"xl\",\"title_position\":\"top-left\",\"title_rotation\":\"left\",\"vertical_align\":\"middle\",\"width\":\"default\"},\"children\":[{\"type\":\"row\",\"children\":[{\"type\":\"column\",\"props\":{\"image_position\":\"center-center\",\"media_overlay_gradient\":\"\",\"position_sticky_breakpoint\":\"m\",\"width_medium\":\"1-2\"},\"children\":[{\"type\":\"headline\",\"props\":{\"class\":\"bluebg-dark\",\"content\":\"Scopo\",\"css\":\".el-element{\\n    color:#fff !important; }\",\"title_color\":\"success\",\"title_element\":\"h2\"}},{\"type\":\"text\",\"props\":{\"column_breakpoint\":\"m\",\"content\":\"\n\n<p>Durante questo progetto, l'obiettivo \\u00e8 quello di affrontare le sfide e le difficolt\\u00e0 (linguistiche) identificate dagli insegnanti nel percorso di soddisfacimento delle esigenze diversificate dei loro studenti.<\\\/p>\",\"margin\":\"default\",\"text_color\":\"warning\"}}]},{\"type\":\"column\",\"props\":{\"image_position\":\"center-center\",\"media_overlay_gradient\":\"\",\"order_first\":\"l\",\"position_sticky_breakpoint\":\"m\",\"width_medium\":\"1-2\"},\"children\":[{\"type\":\"image\",\"props\":{\"block_align\":\"center\",\"class\":\"th--blue-dark-bg\",\"image\":\"wp-content\\\/uploads\\\/2023\\\/02\\\/REMAC-aims.svg\",\"image_alt\":\"REMAC-aims\",\"image_svg_color\":\"emphasis\",\"margin\":\"default\",\"maxwidth\":\"medium\",\"text_align_breakpoint\":\"m\",\"text_align_fallback\":\"center\"}}]}],\"props\":{\"layout\":\"1-2,1-2\"}}],\"name\":\"Aim\"},{\"type\":\"section\",\"props\":{\"animation\":\"fade\",\"animation_delay\":\"300\",\"image_position\":\"center-center\",\"sticky\":\"cover\",\"style\":\"muted\",\"title_breakpoint\":\"xl\",\"title_position\":\"top-left\",\"title_rotation\":\"left\",\"vertical_align\":\"middle\",\"width\":\"default\"},\"children\":[{\"type\":\"row\",\"children\":[{\"type\":\"column\",\"props\":{\"image_position\":\"center-center\",\"media_overlay_gradient\":\"\",\"position_sticky_breakpoint\":\"m\",\"width_medium\":\"1-2\"},\"children\":[{\"type\":\"headline\",\"props\":{\"content\":\"Obiettivi\",\"title_color\":\"success\",\"title_element\":\"h2\"}},{\"type\":\"text\",\"props\":{\"column_breakpoint\":\"m\",\"content\":\"\n\n<ol>\\n\n\n<li>Sviluppare e implementare materiale interattivo online basato sulle esigenze di insegnamento e apprendimento sia degli insegnanti di lingue tradizionali che degli studenti migranti utilizzando la piattaforma e l'app MILAGE learn +. <br \\\/><br \\\/><\\\/li>\\n\n\n<li>Formare insegnanti di lingue tradizionali nell'insegnamento di SL nelle classi tradizionali utilizzando la piattaforma online dinamica del progetto e il materiale didattico generale.<br \\\/><br \\\/><\\\/li>\\n\n\n<li>Sviluppare e implementare materiale interculturale e, infine, implementare strumenti interculturali in tutto il curriculum utilizzando la piattaforma e l'app del progetto e il materiale educativo generale.<br \\\/><br \\\/><\\\/li>\\n\n\n<li>Formazione degli insegnanti primari tradizionali utilizzando la piattaforma online dinamica del progetto e il materiale didattico generale nelle classi primarie tradizionali.<\\\/li>\\n<\\\/ol>\",\"margin\":\"default\",\"text_color\":\"secondary\"}}]},{\"type\":\"column\",\"props\":{\"image_position\":\"center-center\",\"media_overlay_gradient\":\"\",\"position_sticky_breakpoint\":\"m\",\"width_medium\":\"1-2\"},\"children\":[{\"type\":\"image\",\"props\":{\"block_align\":\"center\",\"image\":\"wp-content\\\/uploads\\\/2023\\\/02\\\/REMAC-Objectives.svg\",\"image_alt\":\"REMAC-Objectives\",\"image_svg_color\":\"emphasis\",\"margin\":\"default\",\"maxwidth\":\"medium\",\"text_align_breakpoint\":\"m\",\"text_align_fallback\":\"center\"}}]}],\"props\":{\"layout\":\"1-2,1-2\"}}],\"name\":\"Objectives\"},{\"type\":\"section\",\"props\":{\"animation\":\"fade\",\"animation_delay\":\"300\",\"class\":\"th--yellow-bg\",\"image_position\":\"center-center\",\"status\":\"disabled\",\"sticky\":\"cover\",\"style\":\"secondary\",\"title_breakpoint\":\"xl\",\"title_position\":\"top-left\",\"title_rotation\":\"left\",\"vertical_align\":\"middle\",\"width\":\"default\"},\"children\":[{\"type\":\"row\",\"children\":[{\"type\":\"column\",\"props\":{\"image_position\":\"center-center\",\"media_overlay_gradient\":\"\",\"position_sticky_breakpoint\":\"m\",\"width_medium\":\"1-2\"},\"children\":[{\"type\":\"headline\",\"props\":{\"class\":\"\",\"content\":\"Outputs\",\"css\":\".el-element{\\n    color:#fff !important; }\",\"title_color\":\"primary\",\"title_element\":\"h2\"}},{\"type\":\"text\",\"props\":{\"column_breakpoint\":\"m\",\"content\":\"\n\n<p>a) 1200 SL learning tasks in different 4 languages for 8\\u201312-year-old students for A1 to B1 language proficiency levels <br \\\/>b) 400 cross-cultural learning tasks in 4 different linguistic varieties for 8\\u201312-year-old students for A1 to B1 language proficiency levels <br \\\/>c) Training material for 8 workshops\\\/events for mainstream language teachers of partner countries<br \\\/>d) Training material for 4 workshops\\\/events mainstream teachers of partner countries <br \\\/>e) RE.MA.C. E- booklet for mainstream teachers &amp; forum<br \\\/>RE.MA.C. aims to address the teaching, learning, cognitive and social needs of a rather demanding educational context, the mainstream multilingual and multicultural classroom, providing equal opportunities for all, using an innovating online methodology.<\\\/p>\",\"css\":\"c.el-element{ color:#fff !important}\",\"margin\":\"default\",\"text_color\":\"secondary\"}}]},{\"type\":\"column\",\"props\":{\"image_position\":\"center-center\",\"media_overlay_gradient\":\"\",\"order_first\":\"l\",\"position_sticky_breakpoint\":\"m\",\"width_medium\":\"1-2\"},\"children\":[{\"type\":\"image\",\"props\":{\"block_align\":\"center\",\"image\":\"wp-content\\\/uploads\\\/2023\\\/02\\\/REMAC-Methodology.svg\",\"image_alt\":\"REMAC-Methodology\",\"image_svg_color\":\"emphasis\",\"margin\":\"default\",\"maxwidth\":\"medium\",\"text_align_breakpoint\":\"m\",\"text_align_fallback\":\"center\"}}]}],\"props\":{\"layout\":\"1-2,1-2\"}}],\"name\":\"Outputs\"},{\"type\":\"section\",\"props\":{\"image_position\":\"center-center\",\"style\":\"default\",\"title_breakpoint\":\"xl\",\"title_position\":\"top-left\",\"title_rotation\":\"left\",\"vertical_align\":\"middle\",\"width\":\"default\"},\"children\":[{\"type\":\"row\",\"children\":[{\"type\":\"column\",\"props\":{\"image_position\":\"center-center\",\"media_overlay_gradient\":\"\",\"position_sticky_breakpoint\":\"m\"},\"children\":[{\"type\":\"headline\",\"props\":{\"content\":\"Partner\",\"title_color\":\"success\",\"title_element\":\"h2\"}},{\"name\":\"Accordion Image Top\",\"type\":\"accordion\",\"children\":[{\"name\":\"\",\"type\":\"accordion_item\",\"props\":{\"content\":\"\n\n<p>Universit\\u00e0 (FredU) \\u00e8 una delle cinque universit\\u00e0 private riconosciute che operano nella Repubblica di Cipro. \\u00c8 un'universit\\u00e0 energica e vivace, che gode di rispetto e riconoscimento sia a livello nazionale che internazionale. FredU offre una vasta gamma di programmi accademici di studio in diverse aree come scienza, ingegneria, affari, arte, architettura, media, scienze umane, salute e istruzione e ha una forte attenzione alla ricerca accademica, essendo una delle principali organizzazioni di ricerca nel paese.<\\\/p>\",\"image\":\"wp-content\\\/uploads\\\/2023\\\/06\\\/frederick-university.png\",\"image_alt\":\"frederick-university\",\"link\":\"https:\\\/\\\/www.frederick.ac.cy\\\/en\",\"title\":\"FREDERICK UNIVERSITY, Cipro\"}},{\"name\":\"\",\"type\":\"accordion_item\",\"props\":{\"content\":\"\n\n<p>CARDET (Centre for Advancement of Research and Development in Educational Technology) \\u00e8 un'organizzazione indipendente, senza scopo di lucro, non governativa, di ricerca e sviluppo con sede a Cipro. \\u00c8 uno dei principali centri di ricerca e sviluppo nella regione euro-mediterranea, con competenze globali nella progettazione e implementazione di progetti, sviluppo di capacit\\u00e0 ed e-learning. CARDET \\u00e8 affiliato in modo indipendente con universit\\u00e0 e istituzioni di tutto il mondo, come l'Universit\\u00e0 di Yale, l'Universit\\u00e0 di Nicosia e il Consiglio internazionale dei media educativi. CARDET ha completato numerosi progetti relativi allo sviluppo di capacit\\u00e0 e pianificazione nell'istruzione e nell'IFP, nel sostegno ai giovani, nell'apprendimento degli adulti, nell'alfabetizzazione, negli strumenti digitali, nell'e-learning, nella tecnologia educativa e nell'integrazione sociale dei gruppi emarginati.<\\\/p>\",\"image\":\"wp-content\\\/uploads\\\/2023\\\/02\\\/CARDET_logo_highRes-01.png\",\"image_alt\":\"CARDET\",\"link\":\"https:\\\/\\\/cardet.org\\\/\",\"link_text\":\"\",\"title\":\"CARDET, Cipro\"}},{\"name\":\"\",\"type\":\"accordion_item\",\"props\":{\"content\":\"\n\n<p>L'Universit\\u00e0 Democrito di Tracia (DUTh) \\u00e8 stata fondata nel 1973 in Tracia, in Grecia. Grazie alla sua posizione strategica, vicino ai membri dell'UE di Bulgaria e Romania, ai paesi candidati della Macedonia del Nord, al Montenegro, alla Serbia e alla Turchia, e a un importante crocevia tra UE, Asia e Russia, il DUTh svolge un ruolo decisivo nella promozione dell'istruzione, della ricerca e dello sviluppo nell'Europa sudorientale allargata attraverso un gran numero di reti regionali che ha istituito. Inoltre, DUTh collabora con diverse universit\\u00e0 e organizzazioni di ricerca al di fuori dell'Europa, in tutto il mondo.<\\\/p>\",\"image\":\"wp-content\\\/uploads\\\/2023\\\/06\\\/Democritus_University_of_Thrace_New_Logo.png\",\"image_alt\":\"Democritus University of Thrace\",\"link\":\"https:\\\/\\\/duth.gr\\\/\",\"title\":\"DIMOKRITIO PANEPISTIMIO THRAKIS, Grecia\"}},{\"name\":\"\",\"type\":\"accordion_item\",\"props\":{\"content\":\"\n\n<p>L'Universit\\u00e0 dell'Algarve (UAlg) \\u00e8 un istituto pubblico di istruzione superiore, fondato nel 1979, dove coabitano i sistemi di istruzione politecnica e di istruzione universitaria. Si trova nella regione meridionale del Portogallo, in particolare in Algarve. Con circa 9000 studenti iscritti nell'anno scolastico 2021\\\/22, circa il 22% degli studenti iscritti sono internazionali, provenienti da circa 80 paesi diversi e circa 1300 dipendenti (docenti, dipendenti e ricercatori). L'offerta formativa UAlg comprende i corsi del 1 \\u00b0 ciclo (44) insegnati in portoghese, i corsi del 2 \\u00b0 ciclo (63) insegnati anche in inglese, di cui 5 sono corsi di master internazionali congiunti Erasmus Mundus e programmi di dottorato (19), 3 \\u00b0 ciclo in diverse aree scientifiche - scienza e tecnologia, gestione ed economia, scienze marine e della terra, scienze sociali e, salute e benessere.<\\\/p>\",\"image\":\"wp-content\\\/uploads\\\/2023\\\/06\\\/1200px-Uoalogo.png\",\"image_alt\":\"UNIVERSIDADE DO ALGARVE, Portugal\",\"link\":\"https:\\\/\\\/www.ualg.pt\\\/\",\"title\":\"UNIVERSIDADE DO ALGARVE, Portogallo\"}},{\"name\":\"\",\"type\":\"accordion_item\",\"props\":{\"content\":\"\n\n<p>Il CESIE \\u00e8 un'organizzazione non governativa senza scopo di lucro con sede a Palermo (Italia) e fondata nel 2001. Il CESIE si impegna a promuovere lo sviluppo culturale, sociale, educativo ed economico a livello locale, nazionale, europeo e internazionale. Il CESIE contribuisce alla crescita e allo sviluppo attraverso la partecipazione attiva delle persone, della societ\\u00e0 civile e delle istituzioni, valorizzando sempre le diversit\\u00e0. Ispirati dal lavoro e dalla vita di Danilo Dolci, concentriamo le nostre azioni sulla ricerca dei bisogni e delle sfide sociali e sull'uso di approcci di apprendimento innovativi.<\\\/p>\",\"image\":\"wp-content\\\/uploads\\\/2023\\\/06\\\/cesie-logo-home.webp\",\"image_alt\":\"CESIE\",\"link\":\"https:\\\/\\\/cesie.org\\\/\",\"title\":\"CESIE, Italia\"}},{\"name\":\"\",\"type\":\"accordion_item\",\"props\":{\"content\":\"\n\n<p>SOS Malta \\u00e8 un'organizzazione di volontariato registrata, fondata nel 1991, che lavora con partner locali e internazionali. L'organizzazione assiste i gruppi socialmente svantaggiati nel migliorare la loro qualit\\u00e0 di vita fornendo servizi di supporto e opportunit\\u00e0 per attuare lo sviluppo e il cambiamento. SOS Malta incoraggia anche la difesa a favore delle cause sociali e promuove modelli di buona cura e pratica. SOS Malta lavora su cinque pilastri che racchiudono gli obiettivi di cui sopra. Questi sono: Solidariet\\u00e0 sociale; Volontariato; Sviluppo all'estero; Operatore di ricerca e formazione e gestione dei fondi del EEA e Norvegia Sovvenzioni specificamente assegnate alle ONG.<\\\/p>\",\"image\":\"wp-content\\\/uploads\\\/2023\\\/06\\\/logo_sos.gif\",\"image_alt\":\"Solidarity Overseas Service (SOS MALTA)\",\"link\":\"https:\\\/\\\/www.sosmalta.org\\\/\",\"title\":\"Solidarity Overseas Service (SOS MALTA)\"}}],\"props\":{\"class\":\"partners-accordion\",\"collapsible\":false,\"content_column\":\"\",\"content_column_breakpoint\":\"m\",\"content_dropcap\":false,\"id\":\"accordion-image-top\",\"image_align\":\"right\",\"image_grid_breakpoint\":\"m\",\"image_grid_width\":\"2-5\",\"image_svg_color\":\"emphasis\",\"image_vertical_align\":false,\"image_width\":\"250\",\"link_style\":\"primary\",\"link_target\":true,\"link_text\":\"[website_text]\",\"multiple\":false,\"show_image\":true,\"show_link\":true,\"text_align\":\"justify\",\"title_element\":\"h3\"}}]}]}],\"name\":\"Partners\"}],\"version\":\"3.0.20\"} --><\/p>\n","protected":false},"excerpt":{"rendered":"<p>Panoramica RE. MA.C. riunisce studenti madrelingua, studenti migranti e insegnanti tradizionali (di lingua) per impegnarsi in modo collaborativo in lezioni interculturali, con forme di apprendimento..<\/p>\n","protected":false},"author":1,"featured_media":0,"parent":0,"menu_order":0,"comment_status":"closed","ping_status":"closed","template":"","meta":{"_acf_changed":false,"inline_featured_image":false,"footnotes":""},"class_list":["post-1818","page","type-page","status-publish","hentry"],"acf":[],"_links":{"self":[{"href":"https:\/\/remacproject.eu\/it\/wp-json\/wp\/v2\/pages\/1818","targetHints":{"allow":["GET"]}}],"collection":[{"href":"https:\/\/remacproject.eu\/it\/wp-json\/wp\/v2\/pages"}],"about":[{"href":"https:\/\/remacproject.eu\/it\/wp-json\/wp\/v2\/types\/page"}],"author":[{"embeddable":true,"href":"https:\/\/remacproject.eu\/it\/wp-json\/wp\/v2\/users\/1"}],"replies":[{"embeddable":true,"href":"https:\/\/remacproject.eu\/it\/wp-json\/wp\/v2\/comments?post=1818"}],"version-history":[{"count":6,"href":"https:\/\/remacproject.eu\/it\/wp-json\/wp\/v2\/pages\/1818\/revisions"}],"predecessor-version":[{"id":2105,"href":"https:\/\/remacproject.eu\/it\/wp-json\/wp\/v2\/pages\/1818\/revisions\/2105"}],"wp:attachment":[{"href":"https:\/\/remacproject.eu\/it\/wp-json\/wp\/v2\/media?parent=1818"}],"curies":[{"name":"wp","href":"https:\/\/api.w.org\/{rel}","templated":true}]}}