{"id":2106,"date":"2022-02-24T14:11:37","date_gmt":"2022-02-24T14:11:37","guid":{"rendered":"https:\/\/remacproject.eu\/home\/"},"modified":"2024-12-11T07:42:36","modified_gmt":"2024-12-11T07:42:36","slug":"home","status":"publish","type":"page","link":"https:\/\/remacproject.eu\/mt\/","title":{"rendered":"Home"},"content":{"rendered":"<p><img decoding=\"async\" src=\"\/wp-content\/uploads\/2023\/05\/hero-svg2-1.svg\" alt=\"RE.MA.C.\"><\/p>\n<h2>Dwar il-pro\u0121ett<\/h2>\n<div>Illum il-\u0121urnata, wie\u0127ed jistenna li min\u0127abba \u017c-\u017cidiet f\u2019daqqa ta\u2019 migrazzjoni fl-a\u0127\u0127ar g\u0127oxrin sena, il-pajji\u017ci Ewropej kellhom ikunu kapa\u010bi jindirizzaw il-\u0127ti\u0121ijiet ta\u2019 tag\u0127lim (tal-lingwa) ta\u2019 studenti migranti. Mhux talli dan ma se\u0127\u0127x, talli hemm sfidi mdaqqsa fl-implimentazzjoni tal-edukazzjoni interkulturali, li jwasslu g\u0127al skejjel anakronisti\u010bi u segregati. Dawn lis-sfidi huma l-motivazzjoni tag\u0127na.<\/div>\n<p>\n    <a href=\"\/mt\/about\">Aqra aktar<\/a>\n<\/p>\n<p><img decoding=\"async\" src=\"\/wp-content\/uploads\/2023\/02\/REMAC-About.svg\" alt=\"REMAC-About\"><\/p>\n<h2>E-Learning<\/h2>\n<div>L-interface e-Learning RE.MA.C. tindirizza l-\u0127ti\u0121ijiet ta\u2019 ta\u0127ri\u0121 u ta\u2019 tag\u0127lim, kif ukoll dawk konjittivi u dawk so\u010bjali tal-klassi regolari multilingwa u multikulturali, biex b\u2019hekk tag\u0127ti opportunitajiet indaqs lil kul\u0127add, bl-u\u017cu ta\u2019 metodolo\u0121ija online innovattiva.<\/div>\n<p>\n    <a href=\"https:\/\/elearning.remacproject.eu\/?lang=en\">\u017bur<\/a>\n<\/p>\n<p><img decoding=\"async\" src=\"\/wp-content\/uploads\/2023\/02\/REMAC-e_learning.svg\" alt=\"REMAC-elearning\"><\/p>\n<h2>MILAGE LEARN+ 2.0<\/h2>\n<div>\n<p>Il-MILAGE LEARN+ 2.0 hija app g\u0127al apparat mobbli, li tippermetti lill-istudenti ja\u010b\u010bessaw kontenut edukattiv \u0121ewwa u barra l-klassi.<\/p>\n<p>L-app ta\u0127dem b\u0127ala g\u0127odda ta\u2019 appo\u0121\u0121 g\u0127all-istudenti li tag\u0127tihom l-opportunit\u00e0 li jsolvu b\u2019mod awtonomu kompiti mi\u0121bura f\u2019worksheets, filwaqt li tappo\u0121\u0121ja wkoll lill-g\u0127alliem fil-\u0121estjoni tal-\u0127in tal-klassi, sal-punt li l-g\u0127alliem ma jkollux g\u0127alfejn jipprovdi soluzzjonijiet g\u0127all-kompiti fil-klassi. li huma di\u0121\u00e0 integrati fl-app MILAGE LEARN+ 2.0.<\/p>\n<p>L-app MILAGE LEARN+ 2.0 hija b&#8217;xejn u hija disponibbli g\u0127al Apple iOS.<\/p>\n<\/div>\n<p>\n    <a href=\"https:\/\/milage.ualg.pt\/webapp\">Web Version<\/a>\n<\/p>\n<p><a href=\"https:\/\/play.google.com\/store\/apps\/details?id=pt.ualg.milage2&#038;hl=pt_PT&#038;pli=1\"><img decoding=\"async\" src=\"\/wp-content\/uploads\/2024\/02\/playstore.svg\" alt=\"Google Play store\"><\/a><br \/>\n<a href=\"https:\/\/apps.apple.com\/pt\/app\/milage-learn-2-0\/id6461724220\"><img decoding=\"async\" src=\"\/wp-content\/uploads\/2024\/02\/appstore.svg\" alt=\"Apple App Store\"><\/a><br \/>\n<img decoding=\"async\" src=\"\/wp-content\/uploads\/2024\/02\/gfx.svg\" alt=\"REMAC-elearning\"><\/p>\n<h2>A\u0127barijiet<\/h2>\n<div>\n<\/div>\n<p>\n    <a href=\"\/mt\/category\/news-mt\/\">A\u0127barijiet kollha<\/a>\n<\/p>\n<p><!--more--><br \/>\n<!-- {\"type\":\"layout\",\"children\":[{\"type\":\"section\",\"props\":{\"animation\":\"fade\",\"class\":\"\",\"image\":\"\",\"image_effect\":\"parallax\",\"image_parallax_bgy\":\"60 60%\",\"image_parallax_easing\":\"0.3\",\"image_position\":\"bottom-center\",\"media_visibility\":\"m\",\"padding\":\"small\",\"style\":\"default\",\"title_breakpoint\":\"xl\",\"title_position\":\"top-left\",\"title_rotation\":\"left\",\"vertical_align\":\"middle\",\"width\":\"default\"},\"children\":[{\"type\":\"row\",\"children\":[{\"type\":\"column\",\"props\":{\"image_position\":\"center-center\",\"media_overlay_gradient\":\"\",\"position_sticky_breakpoint\":\"m\",\"width_medium\":\"\"},\"children\":[{\"type\":\"image\",\"props\":{\"animation\":\"slide-bottom-small\",\"class\":\"hero-svg\",\"css\":\".el-image {\\n    max-height:500px }\",\"image\":\"wp-content\\\/uploads\\\/2023\\\/05\\\/hero-svg2-1.svg\",\"image_alt\":\"RE.MA.C.\",\"image_svg_color\":\"emphasis\",\"margin\":\"default\",\"text_align\":\"center\"}}]}]}],\"name\":\"INTRO SECTION\"},{\"type\":\"section\",\"props\":{\"class\":\"th--bg-green th--border-solid th--bor-green\",\"image_position\":\"center-center\",\"style\":\"muted\",\"title_breakpoint\":\"xl\",\"title_position\":\"top-left\",\"title_rotation\":\"left\",\"vertical_align\":\"middle\",\"width\":\"default\"},\"children\":[{\"type\":\"row\",\"children\":[{\"type\":\"column\",\"props\":{\"image_position\":\"center-center\",\"media_overlay_gradient\":\"\",\"position_sticky_breakpoint\":\"m\",\"width_medium\":\"1-2\"},\"children\":[{\"type\":\"headline\",\"props\":{\"content\":\"Dwar il-pro\\u0121ett\",\"title_color\":\"success\",\"title_element\":\"h2\"}},{\"type\":\"text\",\"props\":{\"column_breakpoint\":\"m\",\"content\":\"Illum il-\\u0121urnata, wie\\u0127ed jistenna li min\\u0127abba \\u017c-\\u017cidiet f\\u2019daqqa ta\\u2019 migrazzjoni fl-a\\u0127\\u0127ar g\\u0127oxrin sena, il-pajji\\u017ci Ewropej kellhom ikunu kapa\\u010bi jindirizzaw il-\\u0127ti\\u0121ijiet ta\\u2019 tag\\u0127lim (tal-lingwa) ta\\u2019 studenti migranti. Mhux talli dan ma se\\u0127\\u0127x, talli hemm sfidi mdaqqsa fl-implimentazzjoni tal-edukazzjoni interkulturali, li jwasslu g\\u0127al skejjel anakronisti\\u010bi u segregati. Dawn lis-sfidi huma l-motivazzjoni tag\\u0127na.\",\"margin\":\"default\",\"text_color\":\"secondary\"}},{\"type\":\"button\",\"props\":{\"button_size\":\"large\",\"grid_column_gap\":\"small\",\"grid_row_gap\":\"small\",\"margin\":\"default\"},\"children\":[{\"type\":\"button_item\",\"props\":{\"button_style\":\"text\",\"content\":\"Aqra aktar\",\"icon_align\":\"left\",\"link\":\"mt\\\/about\"}}]}]},{\"type\":\"column\",\"props\":{\"image_position\":\"center-center\",\"media_overlay_gradient\":\"\",\"position_sticky_breakpoint\":\"m\",\"width_medium\":\"1-2\"},\"children\":[{\"type\":\"image\",\"props\":{\"block_align\":\"center\",\"image\":\"wp-content\\\/uploads\\\/2023\\\/02\\\/REMAC-About.svg\",\"image_alt\":\"REMAC-About\",\"image_svg_color\":\"emphasis\",\"margin\":\"default\",\"maxwidth\":\"large\"}}]}],\"props\":{\"layout\":\"1-2,1-2\"}}],\"name\":\"About\"},{\"type\":\"section\",\"props\":{\"class\":\"th--border-solid th--bor-pink\",\"image_position\":\"center-center\",\"preserve_color\":true,\"style\":\"primary\",\"title_breakpoint\":\"xl\",\"title_position\":\"top-left\",\"title_rotation\":\"left\",\"vertical_align\":\"middle\",\"width\":\"default\"},\"children\":[{\"type\":\"row\",\"children\":[{\"type\":\"column\",\"props\":{\"image_position\":\"center-center\",\"media_overlay_gradient\":\"\",\"position_sticky_breakpoint\":\"m\",\"width_medium\":\"1-2\"},\"children\":[{\"type\":\"headline\",\"props\":{\"class\":\"roz-skouro\",\"content\":\"E-Learning\",\"title_element\":\"h2\"}},{\"type\":\"text\",\"props\":{\"column_breakpoint\":\"m\",\"content\":\"L-interface e-Learning RE.MA.C. tindirizza l-\\u0127ti\\u0121ijiet ta\\u2019 ta\\u0127ri\\u0121 u ta\\u2019 tag\\u0127lim, kif ukoll dawk konjittivi u dawk so\\u010bjali tal-klassi regolari multilingwa u multikulturali, biex b\\u2019hekk tag\\u0127ti opportunitajiet indaqs lil kul\\u0127add, bl-u\\u017cu ta\\u2019 metodolo\\u0121ija online innovattiva.\",\"margin\":\"default\",\"text_color\":\"secondary\"}},{\"type\":\"button\",\"props\":{\"button_size\":\"large\",\"grid_column_gap\":\"small\",\"grid_row_gap\":\"small\",\"margin\":\"default\"},\"children\":[{\"type\":\"button_item\",\"props\":{\"button_style\":\"text\",\"content\":\"\\u017bur\",\"icon_align\":\"left\",\"link\":\"https:\\\/\\\/elearning.remacproject.eu\\\/?lang=en\",\"link_target\":\"blank\",\"link_title\":\"\\u017bur il-pjattaforma\"}}]}]},{\"type\":\"column\",\"props\":{\"image_position\":\"center-center\",\"media_overlay_gradient\":\"\",\"order_first\":\"l\",\"position_sticky_breakpoint\":\"m\",\"width_medium\":\"1-2\"},\"children\":[{\"type\":\"image\",\"props\":{\"block_align\":\"center\",\"image\":\"wp-content\\\/uploads\\\/2023\\\/02\\\/REMAC-e_learning.svg\",\"image_alt\":\"REMAC-elearning\",\"image_svg_color\":\"emphasis\",\"margin\":\"default\",\"maxwidth\":\"large\"}}]}],\"props\":{\"layout\":\"1-2,1-2\"}}],\"name\":\"E-Learning\"},{\"type\":\"section\",\"props\":{\"class\":\"th--border-solid th--lightblues-bg th--bor-blues\",\"image_position\":\"center-center\",\"preserve_color\":true,\"style\":\"primary\",\"title_breakpoint\":\"xl\",\"title_position\":\"top-left\",\"title_rotation\":\"left\",\"vertical_align\":\"middle\",\"width\":\"default\"},\"children\":[{\"type\":\"row\",\"children\":[{\"type\":\"column\",\"props\":{\"image_position\":\"center-center\",\"media_overlay_gradient\":\"\",\"position_sticky_breakpoint\":\"m\",\"width_medium\":\"1-2\"},\"children\":[{\"type\":\"headline\",\"props\":{\"class\":\"roz-skouro\",\"content\":\"MILAGE LEARN+ 2.0\",\"title_element\":\"h2\"}},{\"type\":\"text\",\"props\":{\"column_breakpoint\":\"m\",\"content\":\"\n\n<p>Il-MILAGE LEARN+ 2.0 hija app g\\u0127al apparat mobbli, li tippermetti lill-istudenti ja\\u010b\\u010bessaw kontenut edukattiv \\u0121ewwa u barra l-klassi.<\\\/p>\\n\n\n<p>L-app ta\\u0127dem b\\u0127ala g\\u0127odda ta\\u2019 appo\\u0121\\u0121 g\\u0127all-istudenti li tag\\u0127tihom l-opportunit\\u00e0 li jsolvu b\\u2019mod awtonomu kompiti mi\\u0121bura f\\u2019worksheets, filwaqt li tappo\\u0121\\u0121ja wkoll lill-g\\u0127alliem fil-\\u0121estjoni tal-\\u0127in tal-klassi, sal-punt li l-g\\u0127alliem ma jkollux g\\u0127alfejn jipprovdi soluzzjonijiet g\\u0127all-kompiti fil-klassi. li huma di\\u0121\\u00e0 integrati fl-app MILAGE LEARN+ 2.0.<\\\/p>\\n\n\n<p>L-app MILAGE LEARN+ 2.0 hija b'xejn u hija disponibbli g\\u0127al Apple iOS.<\\\/p>\",\"margin\":\"default\",\"text_color\":\"secondary\"}},{\"type\":\"button\",\"props\":{\"button_size\":\"large\",\"grid_column_gap\":\"small\",\"grid_row_gap\":\"small\",\"margin\":\"default\"},\"children\":[{\"type\":\"button_item\",\"props\":{\"button_style\":\"text\",\"content\":\"Web Version\",\"icon_align\":\"left\",\"link\":\"https:\\\/\\\/milage.ualg.pt\\\/webapp\",\"link_target\":\"blank\",\"link_title\":\"\"}}]},{\"type\":\"image\",\"props\":{\"image\":\"wp-content\\\/uploads\\\/2024\\\/02\\\/playstore.svg\",\"image_alt\":\"Google Play store\",\"image_svg_color\":\"emphasis\",\"image_svg_inline\":false,\"image_width\":\"172\",\"link\":\"https:\\\/\\\/play.google.com\\\/store\\\/apps\\\/details?id=pt.ualg.milage2&hl=pt_PT&pli=1\",\"link_target\":\"blank\",\"margin\":\"default\"}},{\"type\":\"image\",\"props\":{\"image\":\"wp-content\\\/uploads\\\/2024\\\/02\\\/appstore.svg\",\"image_alt\":\"Apple App Store\",\"image_svg_color\":\"emphasis\",\"image_svg_inline\":false,\"image_width\":\"172\",\"link\":\"https:\\\/\\\/apps.apple.com\\\/pt\\\/app\\\/milage-learn-2-0\\\/id6461724220\",\"link_target\":\"blank\",\"margin\":\"default\"}}]},{\"type\":\"column\",\"props\":{\"image_position\":\"center-center\",\"media_overlay_gradient\":\"\",\"order_first\":\"xl\",\"position_sticky_breakpoint\":\"m\",\"width_medium\":\"1-2\"},\"children\":[{\"type\":\"image\",\"props\":{\"block_align\":\"center\",\"image\":\"wp-content\\\/uploads\\\/2024\\\/02\\\/gfx.svg\",\"image_alt\":\"REMAC-elearning\",\"image_svg_color\":\"emphasis\",\"margin\":\"default\",\"maxwidth\":\"large\"}}]}],\"props\":{\"layout\":\"1-2,1-2\"}}],\"name\":\"MILAGE section 14.2.24\"},{\"type\":\"section\",\"props\":{\"class\":\"th--border-solid th--bor-yellow\",\"image_position\":\"center-center\",\"padding\":\"small\",\"style\":\"secondary\",\"title_breakpoint\":\"xl\",\"title_position\":\"top-left\",\"title_rotation\":\"left\",\"vertical_align\":\"middle\",\"width\":\"default\"},\"children\":[{\"type\":\"row\",\"children\":[{\"type\":\"column\",\"props\":{\"image_position\":\"center-center\",\"media_overlay_gradient\":\"\",\"position_sticky_breakpoint\":\"m\"},\"children\":[{\"type\":\"headline\",\"props\":{\"class\":\"kitrino-skuro\",\"content\":\"A\\u0127barijiet\",\"text_align\":\"left\",\"title_color\":\"success\",\"title_element\":\"h2\",\"title_style\":\"h2\"}},{\"type\":\"grid\",\"props\":{\"animation\":\"slide-top-small\",\"class\":\"news-grid\",\"content_column_breakpoint\":\"m\",\"css\":\".uk-child-width-1-1.uk-child-width-1-3\\\\@m.uk-grid-match.uk-grid {\\n  display: flex;\\n  justify-content: center;\\n}\",\"filter_align\":\"left\",\"filter_all\":true,\"filter_grid_breakpoint\":\"m\",\"filter_grid_width\":\"auto\",\"filter_position\":\"top\",\"filter_style\":\"tab\",\"grid_default\":\"1\",\"grid_medium\":\"3\",\"icon_width\":80,\"image_align\":\"bottom\",\"image_grid_breakpoint\":\"m\",\"image_grid_width\":\"1-2\",\"image_loading\":false,\"image_svg_color\":\"emphasis\",\"image_transition_border\":false,\"item_animation\":true,\"link_style\":\"secondary\",\"link_text\":\"\",\"margin\":\"default\",\"meta_align\":\"below-title\",\"meta_element\":\"div\",\"meta_style\":\"text-meta\",\"panel_link\":true,\"panel_padding\":\"small\",\"panel_style\":\"card-default\",\"parallax_easing\":\"1\",\"show_content\":true,\"show_image\":true,\"show_link\":true,\"show_meta\":true,\"show_title\":true,\"title_align\":\"top\",\"title_element\":\"h4\",\"title_grid_breakpoint\":\"m\",\"title_grid_width\":\"1-2\",\"title_hover_style\":\"reset\"},\"children\":[{\"type\":\"grid_item\",\"props\":{\"link_text\":\"\",\"panel_style\":\"card-default\"},\"source\":{\"query\":{\"name\":\"posts.customPosts\",\"arguments\":{\"terms\":[],\"category_operator\":\"IN\",\"post_tag_operator\":\"IN\",\"users\":[],\"users_operator\":\"IN\",\"offset\":0,\"limit\":3,\"order\":\"date\",\"order_direction\":\"DESC\"}},\"props\":{\"title\":{\"filters\":{\"search\":\"\"},\"name\":\"title\"},\"content\":{\"filters\":{\"search\":\"\"},\"name\":\"excerpt\"},\"image\":{\"filters\":{\"search\":\"\"},\"name\":\"featuredImage.url\"},\"link\":{\"filters\":{\"search\":\"\"},\"name\":\"link\"},\"image_alt\":{\"filters\":{\"search\":\"\"},\"name\":\"title\"}}}}]},{\"type\":\"button\",\"props\":{\"grid_column_gap\":\"small\",\"grid_row_gap\":\"small\",\"margin\":\"default\",\"text_align\":\"center\"},\"children\":[{\"type\":\"button_item\",\"props\":{\"button_style\":\"text\",\"content\":\"A\\u0127barijiet kollha\",\"icon_align\":\"left\",\"link\":\"\\\/mt\\\/category\\\/news-mt\\\/\"},\"source\":{\"props\":{\"_condition\":{\"filters\":{\"condition\":\">\",\"condition_value\":\"1\"},\"name\":\"count\"}}}}]}]}]}],\"name\":\"NEWS\"}],\"version\":\"3.0.20\"} --><\/p>\n","protected":false},"excerpt":{"rendered":"<p>Dwar il-pro\u0121ett Illum il-\u0121urnata, wie\u0127ed jistenna li min\u0127abba \u017c-\u017cidiet f\u2019daqqa ta\u2019 migrazzjoni fl-a\u0127\u0127ar g\u0127oxrin sena, il-pajji\u017ci Ewropej kellhom ikunu kapa\u010bi jindirizzaw il-\u0127ti\u0121ijiet ta\u2019 tag\u0127lim (tal-lingwa)..<\/p>\n","protected":false},"author":1,"featured_media":0,"parent":0,"menu_order":0,"comment_status":"closed","ping_status":"closed","template":"","meta":{"_acf_changed":false,"inline_featured_image":false,"footnotes":""},"class_list":["post-2106","page","type-page","status-publish","hentry"],"acf":[],"_links":{"self":[{"href":"https:\/\/remacproject.eu\/mt\/wp-json\/wp\/v2\/pages\/2106","targetHints":{"allow":["GET"]}}],"collection":[{"href":"https:\/\/remacproject.eu\/mt\/wp-json\/wp\/v2\/pages"}],"about":[{"href":"https:\/\/remacproject.eu\/mt\/wp-json\/wp\/v2\/types\/page"}],"author":[{"embeddable":true,"href":"https:\/\/remacproject.eu\/mt\/wp-json\/wp\/v2\/users\/1"}],"replies":[{"embeddable":true,"href":"https:\/\/remacproject.eu\/mt\/wp-json\/wp\/v2\/comments?post=2106"}],"version-history":[{"count":7,"href":"https:\/\/remacproject.eu\/mt\/wp-json\/wp\/v2\/pages\/2106\/revisions"}],"predecessor-version":[{"id":5487,"href":"https:\/\/remacproject.eu\/mt\/wp-json\/wp\/v2\/pages\/2106\/revisions\/5487"}],"wp:attachment":[{"href":"https:\/\/remacproject.eu\/mt\/wp-json\/wp\/v2\/media?parent=2106"}],"curies":[{"name":"wp","href":"https:\/\/api.w.org\/{rel}","templated":true}]}}