{"id":2109,"date":"2022-02-24T14:11:37","date_gmt":"2022-02-24T14:11:37","guid":{"rendered":"https:\/\/remacproject.eu\/elearning\/"},"modified":"2024-02-06T09:46:56","modified_gmt":"2024-02-06T09:46:56","slug":"elearning","status":"publish","type":"page","link":"https:\/\/remacproject.eu\/mt\/elearning\/","title":{"rendered":"E-Learning"},"content":{"rendered":"<div>\n<p>        <img decoding=\"async\" src=\"\/wp-content\/uploads\/2023\/02\/REMAC-e_learning.svg\" alt=\"REMAC-elearning\"><\/p>\n<div>L-interface e-Learning RE.MA.C. tindirizza l-\u0127ti\u0121ijiet ta\u2019 ta\u0127ri\u0121 u ta\u2019 tag\u0127lim, kif ukoll dawk konjittivi u dawk so\u010bjali tal-klassi regolari multilingwa u multikulturali, biex b\u2019hekk tag\u0127ti opportunitajiet indaqs lil kul\u0127add, bl-u\u017cu ta\u2019 metodolo\u0121ija online innovattiva.<\/div>\n<p><a href=\"https:\/\/elearning.remacproject.eu\/?lang=en\">\u017bur il-pjattaforma<\/a><\/p>\n<\/div>\n<p><!--more--><br \/>\n<!-- {\"type\":\"layout\",\"children\":[{\"type\":\"section\",\"props\":{\"image_position\":\"center-center\",\"padding\":\"small\",\"padding_remove_bottom\":false,\"padding_remove_top\":false,\"style\":\"default\",\"title_breakpoint\":\"xl\",\"title_position\":\"top-left\",\"title_rotation\":\"left\",\"vertical_align\":\"middle\",\"width\":\"default\"},\"children\":[{\"type\":\"row\",\"children\":[{\"type\":\"column\",\"props\":{\"image_position\":\"center-center\",\"media_overlay_gradient\":\"\",\"position_sticky_breakpoint\":\"m\"},\"children\":[{\"type\":\"headline\",\"props\":{\"title_color\":\"primary\",\"title_element\":\"h1\"},\"source\":{\"query\":{\"name\":\"pages.singlePage\"},\"props\":{\"_condition\":{\"filters\":{\"condition\":\"!!\"},\"name\":\"title\"},\"content\":{\"filters\":{\"search\":\"\"},\"name\":\"title\"}}}}]}]}]},{\"type\":\"section\",\"props\":{\"animation\":\"fade\",\"animation_delay\":\"300\",\"css\":\".el-section{background-color: rgba(233,143, 188, .2) }\",\"image_position\":\"center-center\",\"padding_remove_top\":false,\"style\":\"secondary\",\"title_breakpoint\":\"xl\",\"title_position\":\"top-left\",\"title_rotation\":\"left\",\"vertical_align\":\"middle\",\"width\":\"default\"},\"children\":[{\"type\":\"row\",\"children\":[{\"type\":\"column\",\"props\":{\"image_position\":\"center-center\",\"media_overlay_gradient\":\"\",\"position_sticky_breakpoint\":\"m\"},\"children\":[{\"type\":\"panel\",\"props\":{\"content\":\"L-interface e-Learning RE.MA.C. tindirizza l-\\u0127ti\\u0121ijiet ta\\u2019 ta\\u0127ri\\u0121 u ta\\u2019 tag\\u0127lim, kif ukoll dawk konjittivi u dawk so\\u010bjali tal-klassi regolari multilingwa u multikulturali, biex b\\u2019hekk tag\\u0127ti opportunitajiet indaqs lil kul\\u0127add, bl-u\\u017cu ta\\u2019 metodolo\\u0121ija online innovattiva.\",\"content_column_breakpoint\":\"m\",\"icon_width\":80,\"image\":\"wp-content\\\/uploads\\\/2023\\\/02\\\/REMAC-e_learning.svg\",\"image_align\":\"right\",\"image_alt\":\"REMAC-elearning\",\"image_grid_breakpoint\":\"s\",\"image_grid_width\":\"1-3\",\"image_svg_color\":\"emphasis\",\"link\":\"https:\\\/\\\/elearning.remacproject.eu\\\/?lang=en\",\"link_style\":\"text\",\"link_target\":true,\"link_text\":\"\\u017bur il-pjattaforma\",\"margin\":\"default\",\"meta_align\":\"below-title\",\"meta_element\":\"div\",\"meta_style\":\"text-meta\",\"title\":\"\",\"title_align\":\"top\",\"title_element\":\"h3\",\"title_grid_breakpoint\":\"m\",\"title_grid_width\":\"1-2\",\"title_hover_style\":\"reset\",\"title_style\":\"h2\"},\"name\":\"left-image-panel\"}]}]}]},{\"type\":\"section\",\"props\":{\"image_position\":\"center-center\",\"style\":\"default\",\"title_breakpoint\":\"xl\",\"title_position\":\"top-left\",\"title_rotation\":\"left\",\"vertical_align\":\"middle\",\"width\":\"default\"},\"children\":[{\"type\":\"row\",\"children\":[{\"type\":\"column\",\"props\":{\"image_position\":\"center-center\",\"media_overlay_gradient\":\"\",\"position_sticky_breakpoint\":\"m\"},\"children\":[]}]}]}],\"version\":\"3.0.20\"} --><\/p>\n","protected":false},"excerpt":{"rendered":"<p>L-interface e-Learning RE.MA.C. tindirizza l-\u0127ti\u0121ijiet ta\u2019 ta\u0127ri\u0121 u ta\u2019 tag\u0127lim, kif ukoll dawk konjittivi u dawk so\u010bjali tal-klassi regolari multilingwa u multikulturali, biex b\u2019hekk tag\u0127ti..<\/p>\n","protected":false},"author":1,"featured_media":0,"parent":0,"menu_order":0,"comment_status":"closed","ping_status":"closed","template":"","meta":{"_acf_changed":false,"inline_featured_image":false,"footnotes":""},"class_list":["post-2109","page","type-page","status-publish","hentry"],"acf":[],"_links":{"self":[{"href":"https:\/\/remacproject.eu\/mt\/wp-json\/wp\/v2\/pages\/2109","targetHints":{"allow":["GET"]}}],"collection":[{"href":"https:\/\/remacproject.eu\/mt\/wp-json\/wp\/v2\/pages"}],"about":[{"href":"https:\/\/remacproject.eu\/mt\/wp-json\/wp\/v2\/types\/page"}],"author":[{"embeddable":true,"href":"https:\/\/remacproject.eu\/mt\/wp-json\/wp\/v2\/users\/1"}],"replies":[{"embeddable":true,"href":"https:\/\/remacproject.eu\/mt\/wp-json\/wp\/v2\/comments?post=2109"}],"version-history":[{"count":4,"href":"https:\/\/remacproject.eu\/mt\/wp-json\/wp\/v2\/pages\/2109\/revisions"}],"predecessor-version":[{"id":2534,"href":"https:\/\/remacproject.eu\/mt\/wp-json\/wp\/v2\/pages\/2109\/revisions\/2534"}],"wp:attachment":[{"href":"https:\/\/remacproject.eu\/mt\/wp-json\/wp\/v2\/media?parent=2109"}],"curies":[{"name":"wp","href":"https:\/\/api.w.org\/{rel}","templated":true}]}}