{"id":1845,"date":"2022-02-24T14:11:37","date_gmt":"2022-02-24T14:11:37","guid":{"rendered":"https:\/\/remacproject.eu\/home\/"},"modified":"2024-12-11T07:43:01","modified_gmt":"2024-12-11T07:43:01","slug":"home","status":"publish","type":"page","link":"https:\/\/remacproject.eu\/pt-pt\/","title":{"rendered":"In\u00edcio"},"content":{"rendered":"<p><img decoding=\"async\" src=\"\/wp-content\/uploads\/2023\/08\/REMAC__LOGO__Translation-PT.svg\" alt=\"RE.MA.C.\"><\/p>\n<h2>Sobre o projeto<\/h2>\n<div>\n<p>Atualmente seria de esperar que na sequ\u00eancia do aumento das ondas migrat\u00f3rias ocorridas nas \u00faltimas duas d\u00e9cadas, os pa\u00edses europeus fossem capazes de dar resposta \u00e0s necessidades de aprendizagem dos estudantes migrantes. No entanto, n\u00e3o s\u00f3 isso n\u00e3o aconteceu como aumentaram as dificuldades na implementa\u00e7\u00e3o de um modelo intercultural, o que deu origem ao aparecimento de escolas marginalizadas e desajustadas da realidade. Responder a este desafio \u00e9 a nossa motiva\u00e7\u00e3o.<\/p>\n<\/div>\n<p>\n    <a href=\"\/pt-pt\/about\">Saber mais<\/a>\n<\/p>\n<p><img decoding=\"async\" src=\"\/wp-content\/uploads\/2023\/02\/REMAC-About.svg\" alt=\"REMAC-About\"><\/p>\n<h2>E-Learning<\/h2>\n<div>\n<p>A interface de e-Learning RE.MA.C. atende \u00e0s necessidades de ensino, aprendizagem, cognitivas e sociais da sala de aula multilingue e multicultural convencional, promovendo oportunidades iguais para todos, atrav\u00e9s de uma metodologia online inovadora.<\/p>\n<\/div>\n<p>\n    <a href=\"https:\/\/elearning.remacproject.eu\/?lang=pt\">Visita<\/a>\n<\/p>\n<p><img decoding=\"async\" src=\"\/wp-content\/uploads\/2023\/02\/REMAC-e_learning.svg\" alt=\"REMAC-elearning\"><\/p>\n<h2>MILAGE LEARN+ 2.0<\/h2>\n<div>\n<p>O MILAGE LEARN+ 2.0 \u00e9 um aplicativo para dispositivos m\u00f3veis, que permite aos alunos acessar conte\u00fados educacionais dentro e fora da sala de aula.<\/p>\n<p>A aplica\u00e7\u00e3o funciona como uma ferramenta de apoio aos alunos, proporcionando-lhes a oportunidade de resolver de forma aut\u00f3noma tarefas compiladas em fichas de trabalho, ao mesmo tempo que apoia o professor na gest\u00e3o do tempo de aula, na medida em que o professor n\u00e3o tem que fornecer solu\u00e7\u00f5es para tarefas em sala de aula. que j\u00e1 est\u00e3o integrados no aplicativo MILAGE LEARN+ 2.0.<\/p>\n<p>O aplicativo MILAGE LEARN+ 2.0 \u00e9 gratuito e est\u00e1 dispon\u00edvel para Apple iOS.<\/p>\n<\/div>\n<p>\n    <a href=\"https:\/\/milage.ualg.pt\/webapp\">Web Version<\/a>\n<\/p>\n<p><a href=\"https:\/\/play.google.com\/store\/apps\/details?id=pt.ualg.milage2&#038;hl=pt_PT&#038;pli=1\"><img decoding=\"async\" src=\"\/wp-content\/uploads\/2024\/02\/playstore.svg\" alt=\"Google Play store\"><\/a><br \/>\n<a href=\"https:\/\/apps.apple.com\/pt\/app\/milage-learn-2-0\/id6461724220\"><img decoding=\"async\" src=\"\/wp-content\/uploads\/2024\/02\/appstore.svg\" alt=\"Apple App Store\"><\/a><br \/>\n<img decoding=\"async\" src=\"\/wp-content\/uploads\/2024\/02\/gfx.svg\" alt=\"REMAC-elearning\"><\/p>\n<h2>Not\u00edcias<\/h2>\n<div>\n<\/div>\n<p>\n    <a href=\"\/pt-pt\/category\/news-pt\/\">Todas as not\u00edcias<\/a>\n<\/p>\n<p><!--more--><br \/>\n<!-- {\"type\":\"layout\",\"children\":[{\"type\":\"section\",\"props\":{\"animation\":\"fade\",\"class\":\"\",\"image\":\"\",\"image_effect\":\"parallax\",\"image_parallax_bgy\":\"60 60%\",\"image_parallax_easing\":\"0.3\",\"image_position\":\"bottom-center\",\"media_visibility\":\"m\",\"padding\":\"small\",\"style\":\"default\",\"title_breakpoint\":\"xl\",\"title_position\":\"top-left\",\"title_rotation\":\"left\",\"vertical_align\":\"middle\",\"width\":\"default\"},\"children\":[{\"type\":\"row\",\"children\":[{\"type\":\"column\",\"props\":{\"image_position\":\"center-center\",\"media_overlay_gradient\":\"\",\"position_sticky_breakpoint\":\"m\",\"width_medium\":\"\"},\"children\":[{\"type\":\"image\",\"props\":{\"animation\":\"slide-bottom-small\",\"class\":\"hero-svg\",\"css\":\".el-image {\\n    max-height:500px }\",\"image\":\"wp-content\\\/uploads\\\/2023\\\/08\\\/REMAC__LOGO__Translation-PT.svg\",\"image_alt\":\"RE.MA.C.\",\"image_svg_color\":\"emphasis\",\"margin\":\"default\",\"text_align\":\"center\"}}]}]}],\"name\":\"INTRO SECTION\"},{\"type\":\"section\",\"props\":{\"class\":\"th--bg-green th--border-solid th--bor-green\",\"image_position\":\"center-center\",\"style\":\"muted\",\"title_breakpoint\":\"xl\",\"title_position\":\"top-left\",\"title_rotation\":\"left\",\"vertical_align\":\"middle\",\"width\":\"default\"},\"children\":[{\"type\":\"row\",\"children\":[{\"type\":\"column\",\"props\":{\"image_position\":\"center-center\",\"media_overlay_gradient\":\"\",\"position_sticky_breakpoint\":\"m\",\"width_medium\":\"1-2\"},\"children\":[{\"type\":\"headline\",\"props\":{\"content\":\"Sobre o projeto\",\"title_color\":\"success\",\"title_element\":\"h2\"}},{\"type\":\"text\",\"props\":{\"column_breakpoint\":\"m\",\"content\":\"\n\n<p>Atualmente seria de esperar que na sequ\\u00eancia do aumento das ondas migrat\\u00f3rias ocorridas nas \\u00faltimas duas d\\u00e9cadas, os pa\\u00edses europeus fossem capazes de dar resposta \\u00e0s necessidades de aprendizagem dos estudantes migrantes. No entanto, n\\u00e3o s\\u00f3 isso n\\u00e3o aconteceu como aumentaram as dificuldades na implementa\\u00e7\\u00e3o de um modelo intercultural, o que deu origem ao aparecimento de escolas marginalizadas e desajustadas da realidade. Responder a este desafio \\u00e9 a nossa motiva\\u00e7\\u00e3o.<\\\/p>\",\"margin\":\"default\",\"text_color\":\"secondary\"}},{\"type\":\"button\",\"props\":{\"button_size\":\"large\",\"grid_column_gap\":\"small\",\"grid_row_gap\":\"small\",\"margin\":\"default\"},\"children\":[{\"type\":\"button_item\",\"props\":{\"button_style\":\"text\",\"content\":\"Saber mais\",\"icon_align\":\"left\",\"link\":\"\\\/pt-pt\\\/about\"}}]}]},{\"type\":\"column\",\"props\":{\"image_position\":\"center-center\",\"media_overlay_gradient\":\"\",\"position_sticky_breakpoint\":\"m\",\"width_medium\":\"1-2\"},\"children\":[{\"type\":\"image\",\"props\":{\"block_align\":\"center\",\"image\":\"wp-content\\\/uploads\\\/2023\\\/02\\\/REMAC-About.svg\",\"image_alt\":\"REMAC-About\",\"image_svg_color\":\"emphasis\",\"margin\":\"default\",\"maxwidth\":\"large\"}}]}],\"props\":{\"layout\":\"1-2,1-2\"}}],\"name\":\"About\"},{\"type\":\"section\",\"props\":{\"class\":\"th--border-solid th--bor-pink\",\"image_position\":\"center-center\",\"preserve_color\":true,\"style\":\"primary\",\"title_breakpoint\":\"xl\",\"title_position\":\"top-left\",\"title_rotation\":\"left\",\"vertical_align\":\"middle\",\"width\":\"default\"},\"children\":[{\"type\":\"row\",\"children\":[{\"type\":\"column\",\"props\":{\"image_position\":\"center-center\",\"media_overlay_gradient\":\"\",\"position_sticky_breakpoint\":\"m\",\"width_medium\":\"1-2\"},\"children\":[{\"type\":\"headline\",\"props\":{\"class\":\"roz-skouro\",\"content\":\"E-Learning\",\"title_element\":\"h2\"}},{\"type\":\"text\",\"props\":{\"column_breakpoint\":\"m\",\"content\":\"\n\n<p>A interface de e-Learning RE.MA.C. atende \\u00e0s necessidades de ensino, aprendizagem, cognitivas e sociais da sala de aula multilingue e multicultural convencional, promovendo oportunidades iguais para todos, atrav\\u00e9s de uma metodologia online inovadora.<\\\/p>\",\"margin\":\"default\",\"text_color\":\"secondary\"}},{\"type\":\"button\",\"props\":{\"button_size\":\"large\",\"grid_column_gap\":\"small\",\"grid_row_gap\":\"small\",\"margin\":\"default\"},\"children\":[{\"type\":\"button_item\",\"props\":{\"button_style\":\"text\",\"content\":\"Visita\",\"icon_align\":\"left\",\"link\":\"https:\\\/\\\/elearning.remacproject.eu\\\/?lang=pt\",\"link_title\":\"Visite a plataforma\"}}]}]},{\"type\":\"column\",\"props\":{\"image_position\":\"center-center\",\"media_overlay_gradient\":\"\",\"order_first\":\"l\",\"position_sticky_breakpoint\":\"m\",\"width_medium\":\"1-2\"},\"children\":[{\"type\":\"image\",\"props\":{\"block_align\":\"center\",\"image\":\"wp-content\\\/uploads\\\/2023\\\/02\\\/REMAC-e_learning.svg\",\"image_alt\":\"REMAC-elearning\",\"image_svg_color\":\"emphasis\",\"margin\":\"default\",\"maxwidth\":\"large\"}}]}],\"props\":{\"layout\":\"1-2,1-2\"}}],\"name\":\"E-Learning\"},{\"type\":\"section\",\"props\":{\"class\":\"th--border-solid th--lightblues-bg th--bor-blues\",\"image_position\":\"center-center\",\"preserve_color\":true,\"style\":\"primary\",\"title_breakpoint\":\"xl\",\"title_position\":\"top-left\",\"title_rotation\":\"left\",\"vertical_align\":\"middle\",\"width\":\"default\"},\"children\":[{\"type\":\"row\",\"children\":[{\"type\":\"column\",\"props\":{\"image_position\":\"center-center\",\"media_overlay_gradient\":\"\",\"position_sticky_breakpoint\":\"m\",\"width_medium\":\"1-2\"},\"children\":[{\"type\":\"headline\",\"props\":{\"class\":\"roz-skouro\",\"content\":\"MILAGE LEARN+ 2.0\",\"title_element\":\"h2\"}},{\"type\":\"text\",\"props\":{\"column_breakpoint\":\"m\",\"content\":\"\n\n<p>O MILAGE LEARN+ 2.0 \\u00e9 um aplicativo para dispositivos m\\u00f3veis, que permite aos alunos acessar conte\\u00fados educacionais dentro e fora da sala de aula.<\\\/p>\\n\n\n<p>A aplica\\u00e7\\u00e3o funciona como uma ferramenta de apoio aos alunos, proporcionando-lhes a oportunidade de resolver de forma aut\\u00f3noma tarefas compiladas em fichas de trabalho, ao mesmo tempo que apoia o professor na gest\\u00e3o do tempo de aula, na medida em que o professor n\\u00e3o tem que fornecer solu\\u00e7\\u00f5es para tarefas em sala de aula. que j\\u00e1 est\\u00e3o integrados no aplicativo MILAGE LEARN+ 2.0.<\\\/p>\\n\n\n<p>O aplicativo MILAGE LEARN+ 2.0 \\u00e9 gratuito e est\\u00e1 dispon\\u00edvel para Apple iOS.<\\\/p>\",\"margin\":\"default\",\"text_color\":\"secondary\"}},{\"type\":\"button\",\"props\":{\"button_size\":\"large\",\"grid_column_gap\":\"small\",\"grid_row_gap\":\"small\",\"margin\":\"default\"},\"children\":[{\"type\":\"button_item\",\"props\":{\"button_style\":\"text\",\"content\":\"Web Version\",\"icon_align\":\"left\",\"link\":\"https:\\\/\\\/milage.ualg.pt\\\/webapp\",\"link_target\":\"blank\",\"link_title\":\"\"}}]},{\"type\":\"image\",\"props\":{\"image\":\"wp-content\\\/uploads\\\/2024\\\/02\\\/playstore.svg\",\"image_alt\":\"Google Play store\",\"image_svg_color\":\"emphasis\",\"image_svg_inline\":false,\"image_width\":\"172\",\"link\":\"https:\\\/\\\/play.google.com\\\/store\\\/apps\\\/details?id=pt.ualg.milage2&hl=pt_PT&pli=1\",\"link_target\":\"blank\",\"margin\":\"default\"}},{\"type\":\"image\",\"props\":{\"image\":\"wp-content\\\/uploads\\\/2024\\\/02\\\/appstore.svg\",\"image_alt\":\"Apple App Store\",\"image_svg_color\":\"emphasis\",\"image_svg_inline\":false,\"image_width\":\"172\",\"link\":\"https:\\\/\\\/apps.apple.com\\\/pt\\\/app\\\/milage-learn-2-0\\\/id6461724220\",\"link_target\":\"blank\",\"margin\":\"default\"}}]},{\"type\":\"column\",\"props\":{\"image_position\":\"center-center\",\"media_overlay_gradient\":\"\",\"order_first\":\"xl\",\"position_sticky_breakpoint\":\"m\",\"width_medium\":\"1-2\"},\"children\":[{\"type\":\"image\",\"props\":{\"block_align\":\"center\",\"image\":\"wp-content\\\/uploads\\\/2024\\\/02\\\/gfx.svg\",\"image_alt\":\"REMAC-elearning\",\"image_svg_color\":\"emphasis\",\"margin\":\"default\",\"maxwidth\":\"large\"}}]}],\"props\":{\"layout\":\"1-2,1-2\"}}],\"name\":\"MILAGE section 14.2.24\"},{\"type\":\"section\",\"props\":{\"class\":\"th--border-solid th--bor-yellow\",\"image_position\":\"center-center\",\"padding\":\"small\",\"style\":\"secondary\",\"title_breakpoint\":\"xl\",\"title_position\":\"top-left\",\"title_rotation\":\"left\",\"vertical_align\":\"middle\",\"width\":\"default\"},\"children\":[{\"type\":\"row\",\"children\":[{\"type\":\"column\",\"props\":{\"image_position\":\"center-center\",\"media_overlay_gradient\":\"\",\"position_sticky_breakpoint\":\"m\"},\"children\":[{\"type\":\"headline\",\"props\":{\"class\":\"kitrino-skuro\",\"content\":\"Not\\u00edcias\",\"text_align\":\"left\",\"title_color\":\"success\",\"title_element\":\"h2\",\"title_style\":\"h2\"}},{\"type\":\"grid\",\"props\":{\"animation\":\"slide-top-small\",\"class\":\"news-grid\",\"content_column_breakpoint\":\"m\",\"css\":\".uk-child-width-1-1.uk-child-width-1-3\\\\@m.uk-grid-match.uk-grid {\\n  display: flex;\\n  justify-content: center;\\n}\",\"filter_align\":\"left\",\"filter_all\":true,\"filter_grid_breakpoint\":\"m\",\"filter_grid_width\":\"auto\",\"filter_position\":\"top\",\"filter_style\":\"tab\",\"grid_default\":\"1\",\"grid_medium\":\"3\",\"icon_width\":80,\"image_align\":\"bottom\",\"image_grid_breakpoint\":\"m\",\"image_grid_width\":\"1-2\",\"image_loading\":false,\"image_svg_color\":\"emphasis\",\"image_transition_border\":false,\"item_animation\":true,\"link_style\":\"secondary\",\"link_text\":\"\",\"margin\":\"default\",\"meta_align\":\"below-title\",\"meta_element\":\"div\",\"meta_style\":\"text-meta\",\"panel_link\":true,\"panel_padding\":\"small\",\"panel_style\":\"card-default\",\"parallax_easing\":\"1\",\"show_content\":true,\"show_image\":true,\"show_link\":true,\"show_meta\":true,\"show_title\":true,\"title_align\":\"top\",\"title_element\":\"h4\",\"title_grid_breakpoint\":\"m\",\"title_grid_width\":\"1-2\",\"title_hover_style\":\"reset\"},\"children\":[{\"type\":\"grid_item\",\"props\":{\"link_text\":\"\",\"panel_style\":\"card-default\"},\"source\":{\"query\":{\"name\":\"posts.customPosts\",\"arguments\":{\"terms\":[],\"category_operator\":\"IN\",\"post_tag_operator\":\"IN\",\"users\":[],\"users_operator\":\"IN\",\"offset\":0,\"limit\":3,\"order\":\"date\",\"order_direction\":\"DESC\"}},\"props\":{\"title\":{\"filters\":{\"search\":\"\"},\"name\":\"title\"},\"content\":{\"filters\":{\"search\":\"\"},\"name\":\"excerpt\"},\"image\":{\"filters\":{\"search\":\"\"},\"name\":\"featuredImage.url\"},\"link\":{\"filters\":{\"search\":\"\"},\"name\":\"link\"},\"image_alt\":{\"filters\":{\"search\":\"\"},\"name\":\"title\"}}}}]},{\"type\":\"button\",\"props\":{\"grid_column_gap\":\"small\",\"grid_row_gap\":\"small\",\"margin\":\"default\",\"text_align\":\"center\"},\"children\":[{\"type\":\"button_item\",\"props\":{\"button_style\":\"text\",\"content\":\"Todas as not\\u00edcias\",\"icon_align\":\"left\",\"link\":\"\\\/pt-pt\\\/category\\\/news-pt\\\/\"},\"source\":{\"props\":{\"_condition\":{\"filters\":{\"condition\":\">\",\"condition_value\":\"1\"},\"name\":\"count\"}}}}]}]}]}],\"name\":\"NEWS\"}],\"version\":\"3.0.20\"} --><\/p>\n","protected":false},"excerpt":{"rendered":"<p>Sobre o projeto Atualmente seria de esperar que na sequ\u00eancia do aumento das ondas migrat\u00f3rias ocorridas nas \u00faltimas duas d\u00e9cadas, os pa\u00edses europeus fossem capazes..<\/p>\n","protected":false},"author":1,"featured_media":0,"parent":0,"menu_order":0,"comment_status":"closed","ping_status":"closed","template":"","meta":{"_acf_changed":false,"inline_featured_image":false,"footnotes":""},"class_list":["post-1845","page","type-page","status-publish","hentry"],"acf":[],"_links":{"self":[{"href":"https:\/\/remacproject.eu\/pt-pt\/wp-json\/wp\/v2\/pages\/1845","targetHints":{"allow":["GET"]}}],"collection":[{"href":"https:\/\/remacproject.eu\/pt-pt\/wp-json\/wp\/v2\/pages"}],"about":[{"href":"https:\/\/remacproject.eu\/pt-pt\/wp-json\/wp\/v2\/types\/page"}],"author":[{"embeddable":true,"href":"https:\/\/remacproject.eu\/pt-pt\/wp-json\/wp\/v2\/users\/1"}],"replies":[{"embeddable":true,"href":"https:\/\/remacproject.eu\/pt-pt\/wp-json\/wp\/v2\/comments?post=1845"}],"version-history":[{"count":12,"href":"https:\/\/remacproject.eu\/pt-pt\/wp-json\/wp\/v2\/pages\/1845\/revisions"}],"predecessor-version":[{"id":5488,"href":"https:\/\/remacproject.eu\/pt-pt\/wp-json\/wp\/v2\/pages\/1845\/revisions\/5488"}],"wp:attachment":[{"href":"https:\/\/remacproject.eu\/pt-pt\/wp-json\/wp\/v2\/media?parent=1845"}],"curies":[{"name":"wp","href":"https:\/\/api.w.org\/{rel}","templated":true}]}}