{"id":1851,"date":"2022-03-21T06:09:31","date_gmt":"2022-03-21T06:09:31","guid":{"rendered":"https:\/\/remacproject.eu\/toolkit\/"},"modified":"2024-11-25T09:24:32","modified_gmt":"2024-11-25T09:24:32","slug":"toolkit","status":"publish","type":"page","link":"https:\/\/remacproject.eu\/pt-pt\/toolkit\/","title":{"rendered":"Ferramentas"},"content":{"rendered":"<div>\n<p>        <img decoding=\"async\" src=\"\/wp-content\/uploads\/2023\/02\/REMAC-Students-Handbook.svg\" alt=\"REMAC-Students-Handbook\"><\/p>\n<h3>e-Booklet para o Aluno<\/h3>\n<div>Um guia eletr\u00f3nico para o aluno que apresenta o Robot Professor enquanto destaque do projeto RE.MA.C.<\/div>\n<p><a href=\"\/wp-content\/uploads\/2024\/11\/BOOKLET_REMAC_students_PORTUGUESEpt.pdf\">Leia o e-book<\/a><\/p>\n<\/div>\n<div>\n<p>        <img decoding=\"async\" src=\"\/wp-content\/uploads\/2023\/02\/REMAC-Teachers-Handbook.svg\" alt=\"REMAC-Teachers-Handbook\"><\/p>\n<h3>e-Booklet para o Professor<\/h3>\n<div>Um guia eletr\u00f3nico para o professor que apresenta o enquadramento, a implementa\u00e7\u00e3o e as potencialidades do projeto RE.MA.C.\n<\/div>\n<p><a href=\"\/wp-content\/uploads\/2024\/11\/EBOOK_REAMC_teachers_PORTUGUESEpt.pdf\">Leia o e-book<\/a><\/p>\n<\/div>\n<p><!--more--><br \/>\n<!-- {\"type\":\"layout\",\"children\":[{\"type\":\"section\",\"props\":{\"image_position\":\"center-center\",\"padding\":\"small\",\"padding_remove_bottom\":false,\"padding_remove_top\":false,\"style\":\"default\",\"title_breakpoint\":\"xl\",\"title_position\":\"top-left\",\"title_rotation\":\"left\",\"vertical_align\":\"middle\",\"width\":\"default\"},\"children\":[{\"type\":\"row\",\"children\":[{\"type\":\"column\",\"props\":{\"image_position\":\"center-center\",\"media_overlay_gradient\":\"\",\"position_sticky_breakpoint\":\"m\"},\"children\":[{\"type\":\"headline\",\"props\":{\"title_color\":\"primary\",\"title_element\":\"h1\"},\"source\":{\"query\":{\"name\":\"pages.singlePage\"},\"props\":{\"_condition\":{\"filters\":{\"condition\":\"!!\"},\"name\":\"title\"},\"content\":{\"filters\":{\"search\":\"\"},\"name\":\"title\"}}}}]}]}]},{\"type\":\"section\",\"props\":{\"animation\":\"fade\",\"animation_delay\":\"300\",\"class\":\"greenbg-light\",\"image_position\":\"center-center\",\"padding_remove_top\":false,\"preserve_color\":false,\"style\":\"primary\",\"title_breakpoint\":\"xl\",\"title_position\":\"top-left\",\"title_rotation\":\"left\",\"vertical_align\":\"middle\",\"width\":\"default\"},\"children\":[{\"type\":\"row\",\"children\":[{\"type\":\"column\",\"props\":{\"image_position\":\"center-center\",\"media_overlay_gradient\":\"\",\"position_sticky_breakpoint\":\"m\",\"width_medium\":\"1-2\"},\"children\":[{\"type\":\"panel\",\"props\":{\"block_align\":\"center\",\"content\":\"Um guia eletr\\u00f3nico para o aluno que apresenta o Robot Professor enquanto destaque do projeto RE.MA.C.\",\"content_column_breakpoint\":\"m\",\"icon_width\":80,\"image\":\"wp-content\\\/uploads\\\/2023\\\/02\\\/REMAC-Students-Handbook.svg\",\"image_align\":\"top\",\"image_alt\":\"REMAC-Students-Handbook\",\"image_grid_breakpoint\":\"m\",\"image_grid_width\":\"1-2\",\"image_link\":false,\"image_svg_color\":\"emphasis\",\"image_width\":\"200\",\"link\":\"wp-content\\\/uploads\\\/2024\\\/11\\\/BOOKLET_REMAC_students_PORTUGUESEpt.pdf\",\"link_style\":\"text\",\"link_target\":true,\"link_text\":\"Leia o e-book\",\"margin\":\"default\",\"maxwidth\":\"large\",\"meta_align\":\"below-title\",\"meta_element\":\"div\",\"meta_style\":\"text-meta\",\"panel_link\":true,\"text_align\":\"center\",\"title\":\"e-Booklet para o Aluno\",\"title_align\":\"top\",\"title_color\":\"primary\",\"title_element\":\"h3\",\"title_grid_breakpoint\":\"m\",\"title_grid_width\":\"1-2\",\"title_hover_style\":\"reset\"}}]},{\"type\":\"column\",\"props\":{\"image_position\":\"center-center\",\"media_overlay_gradient\":\"\",\"position_sticky_breakpoint\":\"m\",\"width_medium\":\"1-2\"},\"children\":[{\"type\":\"panel\",\"props\":{\"block_align\":\"center\",\"content\":\"Um guia eletr\\u00f3nico para o professor que apresenta o enquadramento, a implementa\\u00e7\\u00e3o e as potencialidades do projeto RE.MA.C.\\n\",\"content_column_breakpoint\":\"m\",\"icon_width\":80,\"image\":\"wp-content\\\/uploads\\\/2023\\\/02\\\/REMAC-Teachers-Handbook.svg\",\"image_align\":\"top\",\"image_alt\":\"REMAC-Teachers-Handbook\",\"image_grid_breakpoint\":\"m\",\"image_grid_width\":\"1-2\",\"image_link\":false,\"image_svg_color\":\"emphasis\",\"image_width\":\"200\",\"link\":\"wp-content\\\/uploads\\\/2024\\\/11\\\/EBOOK_REAMC_teachers_PORTUGUESEpt.pdf\",\"link_style\":\"text\",\"link_target\":true,\"link_text\":\"Leia o e-book\",\"margin\":\"default\",\"maxwidth\":\"large\",\"meta_align\":\"below-title\",\"meta_element\":\"div\",\"meta_style\":\"text-meta\",\"panel_link\":true,\"text_align\":\"center\",\"title\":\"e-Booklet para o Professor\",\"title_align\":\"top\",\"title_color\":\"primary\",\"title_element\":\"h3\",\"title_grid_breakpoint\":\"m\",\"title_grid_width\":\"1-2\",\"title_hover_style\":\"reset\"}}]}],\"props\":{\"layout\":\"1-2,1-2\"}}],\"name\":\"NEW - Booklets SECTION\"}],\"version\":\"3.0.20\"} --><\/p>\n","protected":false},"excerpt":{"rendered":"<p>e-Booklet para o Aluno Um guia eletr\u00f3nico para o aluno que apresenta o Robot Professor enquanto destaque do projeto RE.MA.C. Leia o e-book e-Booklet para..<\/p>\n","protected":false},"author":1,"featured_media":0,"parent":0,"menu_order":0,"comment_status":"closed","ping_status":"closed","template":"","meta":{"_acf_changed":false,"inline_featured_image":false,"footnotes":""},"class_list":["post-1851","page","type-page","status-publish","hentry"],"acf":[],"_links":{"self":[{"href":"https:\/\/remacproject.eu\/pt-pt\/wp-json\/wp\/v2\/pages\/1851","targetHints":{"allow":["GET"]}}],"collection":[{"href":"https:\/\/remacproject.eu\/pt-pt\/wp-json\/wp\/v2\/pages"}],"about":[{"href":"https:\/\/remacproject.eu\/pt-pt\/wp-json\/wp\/v2\/types\/page"}],"author":[{"embeddable":true,"href":"https:\/\/remacproject.eu\/pt-pt\/wp-json\/wp\/v2\/users\/1"}],"replies":[{"embeddable":true,"href":"https:\/\/remacproject.eu\/pt-pt\/wp-json\/wp\/v2\/comments?post=1851"}],"version-history":[{"count":3,"href":"https:\/\/remacproject.eu\/pt-pt\/wp-json\/wp\/v2\/pages\/1851\/revisions"}],"predecessor-version":[{"id":5281,"href":"https:\/\/remacproject.eu\/pt-pt\/wp-json\/wp\/v2\/pages\/1851\/revisions\/5281"}],"wp:attachment":[{"href":"https:\/\/remacproject.eu\/pt-pt\/wp-json\/wp\/v2\/media?parent=1851"}],"curies":[{"name":"wp","href":"https:\/\/api.w.org\/{rel}","templated":true}]}}