{"id":2221,"date":"2023-11-06T15:21:54","date_gmt":"2023-11-06T15:21:54","guid":{"rendered":"https:\/\/remacproject.eu\/repo\/"},"modified":"2023-11-13T14:00:01","modified_gmt":"2023-11-13T14:00:01","slug":"repository","status":"publish","type":"page","link":"https:\/\/remacproject.eu\/pt-pt\/repository\/","title":{"rendered":"Reposit\u00f3rio"},"content":{"rendered":"<h1>Reposit\u00f3rio<\/h1>\n<div>Os Recursos RE.MA.C. constituem \u2018um espa\u00e7o \u00fanico\u2019 de atividades inovadoras, significativas e envolventes para os professores de l\u00edngua explorarem e implementarem na sala de aula.<\/div>\n<h2>Filtrar atividades:<\/h2>\n<div>\n<form data-sf-form-id='2389' data-is-rtl='0' data-maintain-state='' data-results-url='https:\/\/remacproject.eu\/pt-pt\/repository\/' data-ajax-url='https:\/\/remacproject.eu\/pt-pt\/?sfid=2389&amp;sf_action=get_data&amp;sf_data=results' data-ajax-form-url='https:\/\/remacproject.eu\/pt-pt\/?sfid=2389&amp;sf_action=get_data&amp;sf_data=form' data-display-result-method='shortcode' data-use-history-api='1' data-template-loaded='0' data-lang-code='pt-pt' data-ajax='1' data-ajax-data-type='json' data-ajax-links-selector='.pagination a' data-ajax-target='#search-filter-results-2389' data-ajax-pagination-type='infinite_scroll' data-show-scroll-loader='1' data-infinite-scroll-trigger='-100' data-update-ajax-url='1' data-only-results-ajax='1' data-scroll-to-pos='window' data-scroll-on-action='all' data-init-paged='1' data-auto-update='1' action='https:\/\/remacproject.eu\/pt-pt\/repository\/' method='post' class='searchandfilter' id='search-filter-form-2389' autocomplete='off' data-instance-count='1'><ul><li class=\"sf-field-taxonomy-tax_remac_grades\" data-sf-field-name=\"_sft_tax_remac_grades\" data-sf-field-type=\"taxonomy\" data-sf-field-input-type=\"select\" data-sf-term-rewrite='[\"https:\\\/\\\/remacproject.eu\\\/pt-pt\\\/tax_remac_grades\\\/[0]\\\/\"]'><h4>Grade<\/h4>\t\t<label>\r\n\t\t\t\t<select name=\"_sft_tax_remac_grades[]\" class=\"sf-input-select\" title=\"\">\r\n\t\t\t\r\n\t\t\t\t\t\t<option class=\"sf-level-0 sf-item-0 sf-option-active\" selected=\"selected\" data-sf-count=\"0\" data-sf-depth=\"0\" value=\"\">All Grades<\/option>\r\n\t\t\t\t\t\t<option class=\"sf-level-0 sf-item-132\" data-sf-count=\"3\" data-sf-depth=\"0\" value=\"1st-grade-pt-pt\">1st grade&nbsp;&nbsp;(3)<\/option>\r\n\t\t\t\t\t\t<option class=\"sf-level-0 sf-item-141\" data-sf-count=\"2\" data-sf-depth=\"0\" value=\"2nd-grade-pt-pt\">2nd grade&nbsp;&nbsp;(2)<\/option>\r\n\t\t\t\t\t\t<option class=\"sf-level-0 sf-item-145\" data-sf-count=\"2\" data-sf-depth=\"0\" value=\"3rd-grade-pt-pt\">3rd grade&nbsp;&nbsp;(2)<\/option>\r\n\t\t\t\t\t\t<option class=\"sf-level-0 sf-item-149\" data-sf-count=\"2\" data-sf-depth=\"0\" value=\"4th-grade-pt-pt\">4th grade&nbsp;&nbsp;(2)<\/option>\r\n\t\t\t\t\t\t<option class=\"sf-level-0 sf-item-153\" data-sf-count=\"2\" data-sf-depth=\"0\" value=\"5th-grade-pt-pt\">5th grade&nbsp;&nbsp;(2)<\/option>\r\n\t\t\t\t\t\t<option class=\"sf-level-0 sf-item-157\" data-sf-count=\"2\" data-sf-depth=\"0\" value=\"6th-grade-pt-pt\">6th grade&nbsp;&nbsp;(2)<\/option>\r\n\t\t\t\t\t<\/select>\r\n\t\t<\/label>\t\t<\/li><li class=\"sf-field-taxonomy-tax_remac_subject\" data-sf-field-name=\"_sft_tax_remac_subject\" data-sf-field-type=\"taxonomy\" data-sf-field-input-type=\"select\" data-sf-term-rewrite='[\"https:\\\/\\\/remacproject.eu\\\/pt-pt\\\/tax_remac_subject\\\/[0]\\\/\"]'><h4>Assunto<\/h4>\t\t<label>\r\n\t\t\t\t<select name=\"_sft_tax_remac_subject[]\" class=\"sf-input-select\" title=\"\">\r\n\t\t\t\r\n\t\t\t\t\t\t<option class=\"sf-level-0 sf-item-0 sf-option-active\" selected=\"selected\" data-sf-count=\"0\" data-sf-depth=\"0\" value=\"\">All Subjects<\/option>\r\n\t\t\t\t\t\t<option class=\"sf-level-0 sf-item-200\" data-sf-count=\"6\" data-sf-depth=\"0\" value=\"citizenship-pt-pt\">Cidadania&nbsp;&nbsp;(6)<\/option>\r\n\t\t\t\t\t\t<option class=\"sf-level-0 sf-item-187\" data-sf-count=\"0\" data-sf-depth=\"0\" value=\"computer-science-pt-pt\">Ci\u00eancia da Computa\u00e7\u00e3o&nbsp;&nbsp;(0)<\/option>\r\n\t\t\t\t\t\t<option class=\"sf-level-0 sf-item-195\" data-sf-count=\"0\" data-sf-depth=\"0\" value=\"science-pt-pt\">Ci\u00eancias Naturais&nbsp;&nbsp;(0)<\/option>\r\n\t\t\t\t\t\t<option class=\"sf-level-0 sf-item-196\" data-sf-count=\"0\" data-sf-depth=\"0\" value=\"social-science-pt-pt\">Ci\u00eancias Sociais&nbsp;&nbsp;(0)<\/option>\r\n\t\t\t\t\t\t<option class=\"sf-level-0 sf-item-193\" data-sf-count=\"0\" data-sf-depth=\"0\" value=\"personal-social-career-development-pt-pt\">Desenvolvimento de carreira social pessoal&nbsp;&nbsp;(0)<\/option>\r\n\t\t\t\t\t\t<option class=\"sf-level-0 sf-item-194\" data-sf-count=\"0\" data-sf-depth=\"0\" value=\"physical-education-pt-pt\">Educa\u00e7\u00e3o F\u00edsica&nbsp;&nbsp;(0)<\/option>\r\n\t\t\t\t\t\t<option class=\"sf-level-0 sf-item-189\" data-sf-count=\"0\" data-sf-depth=\"0\" value=\"health-and-life-education-pt-pt\">Educa\u00e7\u00e3o para a sa\u00fade e a vida&nbsp;&nbsp;(0)<\/option>\r\n\t\t\t\t\t\t<option class=\"sf-level-0 sf-item-188\" data-sf-count=\"0\" data-sf-depth=\"0\" value=\"environmental-studies-pt-pt\">Estudos ambientais&nbsp;&nbsp;(0)<\/option>\r\n\t\t\t\t\t\t<option class=\"sf-level-0 sf-item-190\" data-sf-count=\"0\" data-sf-depth=\"0\" value=\"history-pt-pt\">Hist\u00f3ria&nbsp;&nbsp;(0)<\/option>\r\n\t\t\t\t\t\t<option class=\"sf-level-0 sf-item-191\" data-sf-count=\"0\" data-sf-depth=\"0\" value=\"history-and-civic-education-pt-pt\">Hist\u00f3ria e educa\u00e7\u00e3o c\u00edvica&nbsp;&nbsp;(0)<\/option>\r\n\t\t\t\t\t\t<option class=\"sf-level-0 sf-item-192\" data-sf-count=\"7\" data-sf-depth=\"0\" value=\"language-pt-pt\">L\u00edngua&nbsp;&nbsp;(7)<\/option>\r\n\t\t\t\t\t<\/select>\r\n\t\t<\/label>\t\t<\/li><li class=\"sf-field-reset\" data-sf-field-name=\"reset\" data-sf-field-type=\"reset\" data-sf-field-input-type=\"link\"><a href=\"#\" class=\"search-filter-reset\" data-search-form-id=\"2389\" data-sf-submit-form=\"always\">Redefinir filtros<\/a><\/li><\/ul><\/form><\/div>\n<h1><div class=\"search-filter-results\" id=\"search-filter-results-2389\">\t\r\n\t\r\n\t\r\n\t<div class=\"uk-child-width-1-3@l uk-child-width-1-2@m uk-child-width-1-1@s\" uk-grid>\r\n\t\t\t\t\r\n\t\t<div class=\"th--resourceItemContainer\">\r\n\t\t\t<a href=\"https:\/\/remacproject.eu\/pt-pt\/class-activity\/viajar-no-espaco-e-no-tempo\/\">\r\n\t\t\t\t<div id=\"5926\" class=\"th--resourceItemBody uk-height-1-1 uk-card uk-card-hover uk-card-default\">\r\n\t\t\t\t\t<!-- \/\/ Had gamified heart -->\r\n\t\t\t\t\t<div class=\"uk-card-media-top uk-text-left uk-flex uk-flex-middle uk-flex-center\">\r\n\t\t\t\t\t\t\t\r\n\t\t\t\t\t\t\t<div class=\"th--resourceItemImg uk-background-cover uk-background-center-center uk-background-norepeat\" style=\"background-image: url(https:\/\/remacproject.eu\/wp-content\/uploads\/2023\/11\/subject-02-Language.png);\" alt=\"Resource Image\"><\/div>\r\n\t\t\t\t\t<\/div>\r\n\t\t\t\t\r\n\t\t\t\t\t<div class=\"uk-card-body DD-uk-background-muted th--borderRadiusB uk-padding-small\">\r\n\t\t\t\t\t\t<h3 class=\"uk-h4 uk-text-left DD-uk-height-small uk-text-secondary uk-margin-remove\">Viajar no espa\u00e7o e no tempo<\/h3>\r\n\t\t\t\t\t\t\t\r\n\t\t\t\t\t\t<div class=\"th--FavBtn uk-text-right\">\t\t\t\t\t\t\r\n\t\t\t\t\t\t\t\t\t\t\t\t\t<\/div>\r\n\t\t\t\t\t<\/div>\r\n\r\n\t\t\t\t<\/div>\r\n\t\t\t<\/a>\r\n\t\t<\/div>\r\n\t\r\n\t\t\r\n\t\t\t\t\r\n\t\t<div class=\"th--resourceItemContainer\">\r\n\t\t\t<a href=\"https:\/\/remacproject.eu\/pt-pt\/class-activity\/vamos-crescer\/\">\r\n\t\t\t\t<div id=\"5884\" class=\"th--resourceItemBody uk-height-1-1 uk-card uk-card-hover uk-card-default\">\r\n\t\t\t\t\t<!-- \/\/ Had gamified heart -->\r\n\t\t\t\t\t<div class=\"uk-card-media-top uk-text-left uk-flex uk-flex-middle uk-flex-center\">\r\n\t\t\t\t\t\t\t\r\n\t\t\t\t\t\t\t<div class=\"th--resourceItemImg uk-background-cover uk-background-center-center uk-background-norepeat\" style=\"background-image: url(https:\/\/remacproject.eu\/wp-content\/uploads\/2023\/11\/subject-02-Language.png);\" alt=\"Resource Image\"><\/div>\r\n\t\t\t\t\t<\/div>\r\n\t\t\t\t\r\n\t\t\t\t\t<div class=\"uk-card-body DD-uk-background-muted th--borderRadiusB uk-padding-small\">\r\n\t\t\t\t\t\t<h3 class=\"uk-h4 uk-text-left DD-uk-height-small uk-text-secondary uk-margin-remove\">Vamos crescer!<\/h3>\r\n\t\t\t\t\t\t\t\r\n\t\t\t\t\t\t<div class=\"th--FavBtn uk-text-right\">\t\t\t\t\t\t\r\n\t\t\t\t\t\t\t\t\t\t\t\t\t<\/div>\r\n\t\t\t\t\t<\/div>\r\n\r\n\t\t\t\t<\/div>\r\n\t\t\t<\/a>\r\n\t\t<\/div>\r\n\t\r\n\t\t\r\n\t\t\t\t\r\n\t\t<div class=\"th--resourceItemContainer\">\r\n\t\t\t<a href=\"https:\/\/remacproject.eu\/pt-pt\/class-activity\/sou-saudavel-e-tu\/\">\r\n\t\t\t\t<div id=\"5947\" class=\"th--resourceItemBody uk-height-1-1 uk-card uk-card-hover uk-card-default\">\r\n\t\t\t\t\t<!-- \/\/ Had gamified heart -->\r\n\t\t\t\t\t<div class=\"uk-card-media-top uk-text-left uk-flex uk-flex-middle uk-flex-center\">\r\n\t\t\t\t\t\t\t\r\n\t\t\t\t\t\t\t<div class=\"th--resourceItemImg uk-background-cover uk-background-center-center uk-background-norepeat\" style=\"background-image: url(https:\/\/remacproject.eu\/wp-content\/uploads\/2023\/11\/subject-04-Health_Life_education.png);\" alt=\"Resource Image\"><\/div>\r\n\t\t\t\t\t<\/div>\r\n\t\t\t\t\r\n\t\t\t\t\t<div class=\"uk-card-body DD-uk-background-muted th--borderRadiusB uk-padding-small\">\r\n\t\t\t\t\t\t<h3 class=\"uk-h4 uk-text-left DD-uk-height-small uk-text-secondary uk-margin-remove\">Sou saud\u00e1vel. E tu?<\/h3>\r\n\t\t\t\t\t\t\t\r\n\t\t\t\t\t\t<div class=\"th--FavBtn uk-text-right\">\t\t\t\t\t\t\r\n\t\t\t\t\t\t\t\t\t\t\t\t\t<\/div>\r\n\t\t\t\t\t<\/div>\r\n\r\n\t\t\t\t<\/div>\r\n\t\t\t<\/a>\r\n\t\t<\/div>\r\n\t\r\n\t\t\r\n\t\t\t\t\r\n\t\t<div class=\"th--resourceItemContainer\">\r\n\t\t\t<a href=\"https:\/\/remacproject.eu\/pt-pt\/class-activity\/saude-e-bem-estar\/\">\r\n\t\t\t\t<div id=\"5815\" class=\"th--resourceItemBody uk-height-1-1 uk-card uk-card-hover uk-card-default\">\r\n\t\t\t\t\t<!-- \/\/ Had gamified heart -->\r\n\t\t\t\t\t<div class=\"uk-card-media-top uk-text-left uk-flex uk-flex-middle uk-flex-center\">\r\n\t\t\t\t\t\t\t\r\n\t\t\t\t\t\t\t<div class=\"th--resourceItemImg uk-background-cover uk-background-center-center uk-background-norepeat\" style=\"background-image: url(https:\/\/remacproject.eu\/wp-content\/uploads\/2023\/11\/subject-04-Health_Life_education.png);\" alt=\"Resource Image\"><\/div>\r\n\t\t\t\t\t<\/div>\r\n\t\t\t\t\r\n\t\t\t\t\t<div class=\"uk-card-body DD-uk-background-muted th--borderRadiusB uk-padding-small\">\r\n\t\t\t\t\t\t<h3 class=\"uk-h4 uk-text-left DD-uk-height-small uk-text-secondary uk-margin-remove\">Sa\u00fade e bem-estar<\/h3>\r\n\t\t\t\t\t\t\t\r\n\t\t\t\t\t\t<div class=\"th--FavBtn uk-text-right\">\t\t\t\t\t\t\r\n\t\t\t\t\t\t\t\t\t\t\t\t\t<\/div>\r\n\t\t\t\t\t<\/div>\r\n\r\n\t\t\t\t<\/div>\r\n\t\t\t<\/a>\r\n\t\t<\/div>\r\n\t\r\n\t\t\r\n\t\t\t\t\r\n\t\t<div class=\"th--resourceItemContainer\">\r\n\t\t\t<a href=\"https:\/\/remacproject.eu\/pt-pt\/class-activity\/povos-diferentes-culturas-diferentes\/\">\r\n\t\t\t\t<div id=\"5721\" class=\"th--resourceItemBody uk-height-1-1 uk-card uk-card-hover uk-card-default\">\r\n\t\t\t\t\t<!-- \/\/ Had gamified heart -->\r\n\t\t\t\t\t<div class=\"uk-card-media-top uk-text-left uk-flex uk-flex-middle uk-flex-center\">\r\n\t\t\t\t\t\t\t\r\n\t\t\t\t\t\t\t<div class=\"th--resourceItemImg uk-background-cover uk-background-center-center uk-background-norepeat\" style=\"background-image: url(https:\/\/remacproject.eu\/wp-content\/uploads\/2023\/11\/subject-05-History_Civic_Education.png);\" alt=\"Resource Image\"><\/div>\r\n\t\t\t\t\t<\/div>\r\n\t\t\t\t\r\n\t\t\t\t\t<div class=\"uk-card-body DD-uk-background-muted th--borderRadiusB uk-padding-small\">\r\n\t\t\t\t\t\t<h3 class=\"uk-h4 uk-text-left DD-uk-height-small uk-text-secondary uk-margin-remove\">Povos diferentes, culturas diferentes!<\/h3>\r\n\t\t\t\t\t\t\t\r\n\t\t\t\t\t\t<div class=\"th--FavBtn uk-text-right\">\t\t\t\t\t\t\r\n\t\t\t\t\t\t\t\t\t\t\t\t\t<\/div>\r\n\t\t\t\t\t<\/div>\r\n\r\n\t\t\t\t<\/div>\r\n\t\t\t<\/a>\r\n\t\t<\/div>\r\n\t\r\n\t\t\r\n\t\t\t\t\r\n\t\t<div class=\"th--resourceItemContainer\">\r\n\t\t\t<a href=\"https:\/\/remacproject.eu\/pt-pt\/class-activity\/planeta-azul\/\">\r\n\t\t\t\t<div id=\"6156\" class=\"th--resourceItemBody uk-height-1-1 uk-card uk-card-hover uk-card-default\">\r\n\t\t\t\t\t<!-- \/\/ Had gamified heart -->\r\n\t\t\t\t\t<div class=\"uk-card-media-top uk-text-left uk-flex uk-flex-middle uk-flex-center\">\r\n\t\t\t\t\t\t\t\r\n\t\t\t\t\t\t\t<div class=\"th--resourceItemImg uk-background-cover uk-background-center-center uk-background-norepeat\" style=\"background-image: url(https:\/\/remacproject.eu\/wp-content\/uploads\/2023\/11\/subject-03-Environmental_studies.png);\" alt=\"Resource Image\"><\/div>\r\n\t\t\t\t\t<\/div>\r\n\t\t\t\t\r\n\t\t\t\t\t<div class=\"uk-card-body DD-uk-background-muted th--borderRadiusB uk-padding-small\">\r\n\t\t\t\t\t\t<h3 class=\"uk-h4 uk-text-left DD-uk-height-small uk-text-secondary uk-margin-remove\">Planeta Azul<\/h3>\r\n\t\t\t\t\t\t\t\r\n\t\t\t\t\t\t<div class=\"th--FavBtn uk-text-right\">\t\t\t\t\t\t\r\n\t\t\t\t\t\t\t\t\t\t\t\t\t<\/div>\r\n\t\t\t\t\t<\/div>\r\n\r\n\t\t\t\t<\/div>\r\n\t\t\t<\/a>\r\n\t\t<\/div>\r\n\t\r\n\t\t\r\n\t\t\t<\/div>\r\n<\/div><\/h1>\n<p><!--more--><br \/>\n<!-- {\"type\":\"layout\",\"children\":[{\"type\":\"section\",\"props\":{\"image_position\":\"center-center\",\"padding_remove_top\":true,\"style\":\"default\",\"title_breakpoint\":\"xl\",\"title_position\":\"top-left\",\"title_rotation\":\"left\",\"vertical_align\":\"middle\",\"width\":\"default\"},\"children\":[{\"type\":\"row\",\"children\":[{\"type\":\"column\",\"props\":{\"image_position\":\"center-center\",\"media_overlay_gradient\":\"\",\"position_sticky_breakpoint\":\"m\"},\"children\":[{\"type\":\"headline\",\"props\":{\"content\":\"Reposit\\u00f3rio\",\"title_element\":\"h1\"}}]}]}]},{\"type\":\"section\",\"props\":{\"animation\":\"fade\",\"image_position\":\"center-center\",\"style\":\"primary\",\"title_breakpoint\":\"xl\",\"title_position\":\"top-left\",\"title_rotation\":\"left\",\"vertical_align\":\"middle\",\"width\":\"default\"},\"children\":[{\"type\":\"row\",\"props\":{\"layout\":\"1-4,3-4\"},\"children\":[{\"type\":\"column\",\"props\":{\"image_position\":\"center-center\",\"media_overlay_gradient\":\"\",\"position_sticky_breakpoint\":\"m\",\"width_medium\":\"1-4\"},\"children\":[{\"type\":\"text\",\"props\":{\"column_breakpoint\":\"m\",\"content\":\"Os Recursos RE.MA.C. constituem \\u2018um espa\\u00e7o \\u00fanico\\u2019 de atividades inovadoras, significativas e envolventes para os professores de l\\u00edngua explorarem e implementarem na sala de aula.\",\"margin\":\"default\"}},{\"type\":\"headline\",\"props\":{\"content\":\"Filtrar atividades:\",\"title_color\":\"primary\",\"title_element\":\"h2\",\"title_style\":\"h4\"}},{\"type\":\"html\",\"props\":{\"content\":\"[searchandfilter slug=\\\"filter-activities\\\"]\"}}]},{\"type\":\"column\",\"props\":{\"image_position\":\"center-center\",\"media_overlay_gradient\":\"\",\"position_sticky_breakpoint\":\"m\",\"width_medium\":\"3-4\"},\"children\":[{\"type\":\"headline\",\"props\":{\"content\":\"[searchandfilter id=\\\"2389\\\" show=\\\"results\\\"]\",\"title_element\":\"h1\"}}]}]}]}],\"version\":\"3.0.20\"} --><\/p>\n","protected":false},"excerpt":{"rendered":"<p>Reposit\u00f3rio Os Recursos RE.MA.C. constituem \u2018um espa\u00e7o \u00fanico\u2019 de atividades inovadoras, significativas e envolventes para os professores de l\u00edngua explorarem e implementarem na sala de..<\/p>\n","protected":false},"author":1,"featured_media":0,"parent":0,"menu_order":0,"comment_status":"closed","ping_status":"closed","template":"","meta":{"_acf_changed":false,"inline_featured_image":false,"footnotes":""},"class_list":["post-2221","page","type-page","status-publish","hentry"],"acf":[],"_links":{"self":[{"href":"https:\/\/remacproject.eu\/pt-pt\/wp-json\/wp\/v2\/pages\/2221","targetHints":{"allow":["GET"]}}],"collection":[{"href":"https:\/\/remacproject.eu\/pt-pt\/wp-json\/wp\/v2\/pages"}],"about":[{"href":"https:\/\/remacproject.eu\/pt-pt\/wp-json\/wp\/v2\/types\/page"}],"author":[{"embeddable":true,"href":"https:\/\/remacproject.eu\/pt-pt\/wp-json\/wp\/v2\/users\/1"}],"replies":[{"embeddable":true,"href":"https:\/\/remacproject.eu\/pt-pt\/wp-json\/wp\/v2\/comments?post=2221"}],"version-history":[{"count":4,"href":"https:\/\/remacproject.eu\/pt-pt\/wp-json\/wp\/v2\/pages\/2221\/revisions"}],"predecessor-version":[{"id":2393,"href":"https:\/\/remacproject.eu\/pt-pt\/wp-json\/wp\/v2\/pages\/2221\/revisions\/2393"}],"wp:attachment":[{"href":"https:\/\/remacproject.eu\/pt-pt\/wp-json\/wp\/v2\/media?parent=2221"}],"curies":[{"name":"wp","href":"https:\/\/api.w.org\/{rel}","templated":true}]}}